{"id":1181,"date":"2021-05-07T18:04:47","date_gmt":"2021-05-07T18:04:47","guid":{"rendered":"https:\/\/joup.mx\/?page_id=1181"},"modified":"2022-10-16T23:22:54","modified_gmt":"2022-10-17T04:22:54","slug":"1181-2","status":"publish","type":"page","link":"https:\/\/joup.mx\/?page_id=1181","title":{"rendered":"Atenci\u00f3n Psicol\u00f3gica"},"content":{"rendered":"\t\t<div data-elementor-type=\"wp-page\" data-elementor-id=\"1181\" class=\"elementor elementor-1181\" data-elementor-settings=\"[]\">\n\t\t\t\t\t\t<div class=\"elementor-inner\">\n\t\t\t\t\t\t\t<div class=\"elementor-section-wrap\">\n\t\t\t\t\t\t\t<section class=\"elementor-section elementor-top-section elementor-element elementor-element-6ba9351 elementor-section-stretched elementor-section-boxed elementor-section-height-default elementor-section-height-default\" data-id=\"6ba9351\" data-element_type=\"section\" data-settings=\"{&quot;stretch_section&quot;:&quot;section-stretched&quot;}\">\n\t\t\t\t\t\t<div class=\"elementor-container elementor-column-gap-default\">\n\t\t\t\t\t\t\t<div class=\"elementor-row\">\n\t\t\t\t\t<div class=\"elementor-column elementor-col-100 elementor-top-column elementor-element elementor-element-e1e141e\" data-id=\"e1e141e\" data-element_type=\"column\">\n\t\t\t<div class=\"elementor-column-wrap elementor-element-populated\">\n\t\t\t\t\t\t\t<div class=\"elementor-widget-wrap\">\n\t\t\t\t\t\t<div class=\"elementor-element elementor-element-c1069e3 elementor-widget elementor-widget-heading\" data-id=\"c1069e3\" data-element_type=\"widget\" data-widget_type=\"heading.default\">\n\t\t\t\t<div class=\"elementor-widget-container\">\n\t\t\t<h2 class=\"elementor-heading-title elementor-size-default\"><span data-elementor-setting-key=\"title\" data-pen-placeholder=\"Teclea aqu\u00ed...\" style=\"clear: both; color: rgb(47, 56, 114); font-size: 42px; font-weight: normal; text-align: center;\">\u00a1Me gustar\u00eda recibir atenci\u00f3n psicol\u00f3gica!<\/span><\/h2>\t\t<\/div>\n\t\t\t\t<\/div>\n\t\t\t\t\t\t<\/div>\n\t\t\t\t\t<\/div>\n\t\t<\/div>\n\t\t\t\t\t\t\t\t<\/div>\n\t\t\t\t\t<\/div>\n\t\t<\/section>\n\t\t\t\t<section class=\"elementor-section elementor-top-section elementor-element elementor-element-ff7063c elementor-section-stretched elementor-section-boxed elementor-section-height-default elementor-section-height-default\" data-id=\"ff7063c\" data-element_type=\"section\" data-settings=\"{&quot;stretch_section&quot;:&quot;section-stretched&quot;}\">\n\t\t\t\t\t\t<div class=\"elementor-container elementor-column-gap-default\">\n\t\t\t\t\t\t\t<div class=\"elementor-row\">\n\t\t\t\t\t<div class=\"elementor-column elementor-col-100 elementor-top-column elementor-element elementor-element-271ec32\" data-id=\"271ec32\" data-element_type=\"column\">\n\t\t\t<div class=\"elementor-column-wrap elementor-element-populated\">\n\t\t\t\t\t\t\t<div class=\"elementor-widget-wrap\">\n\t\t\t\t\t\t<div class=\"elementor-element elementor-element-e669382 elementor-widget elementor-widget-text-editor\" data-id=\"e669382\" data-element_type=\"widget\" data-widget_type=\"text-editor.default\">\n\t\t\t\t<div class=\"elementor-widget-container\">\n\t\t\t\t\t<div class=\"elementor-text-editor elementor-clearfix\"><p style=\"text-align: center;\">Cuidar de tu salud mental y emocional es importante en procesos de enfermedad.\u00a0<\/p><p style=\"text-align: center;\">Es por eso que contamos con una red de Psicoterapeutas y Tanatologos especialistas con los que puedes empezar un proceso de acompa\u00f1amiento e introspecci\u00f3n.<\/p><p style=\"text-align: center;\">Alguien del equipo de Fundaci\u00f3n JOUP Abrazos al Coraz\u00f3n A.C. se pondr\u00e1 en contacto contigo.<\/p><\/div>\n\t\t\t\t<\/div>\n\t\t\t\t<\/div>\n\t\t\t\t\t\t<\/div>\n\t\t\t\t\t<\/div>\n\t\t<\/div>\n\t\t\t\t\t\t\t\t<\/div>\n\t\t\t\t\t<\/div>\n\t\t<\/section>\n\t\t\t\t<section class=\"elementor-section elementor-top-section elementor-element elementor-element-9a923f7 elementor-section-stretched elementor-section-height-min-height elementor-section-boxed elementor-section-height-default elementor-section-items-middle\" data-id=\"9a923f7\" data-element_type=\"section\" data-settings=\"{&quot;stretch_section&quot;:&quot;section-stretched&quot;}\">\n\t\t\t\t\t\t<div class=\"elementor-container elementor-column-gap-wide\">\n\t\t\t\t\t\t\t<div class=\"elementor-row\">\n\t\t\t\t\t<div class=\"elementor-column elementor-col-100 elementor-top-column elementor-element elementor-element-12ce6d4\" data-id=\"12ce6d4\" data-element_type=\"column\">\n\t\t\t<div class=\"elementor-column-wrap elementor-element-populated\">\n\t\t\t\t\t\t\t<div class=\"elementor-widget-wrap\">\n\t\t\t\t\t\t<div class=\"elementor-element elementor-element-a18d79f elementor-button-align-end elementor-widget__width-initial elementor-widget elementor-widget-form\" data-id=\"a18d79f\" data-element_type=\"widget\" data-settings=\"{&quot;step_next_label&quot;:&quot;Next&quot;,&quot;step_previous_label&quot;:&quot;Previous&quot;,&quot;button_width&quot;:&quot;100&quot;,&quot;step_type&quot;:&quot;number_text&quot;,&quot;step_icon_shape&quot;:&quot;circle&quot;}\" data-widget_type=\"form.default\">\n\t\t\t\t<div class=\"elementor-widget-container\">\n\t\t\t\t\t<form class=\"elementor-form\" method=\"post\" id=\"contact-form\" name=\"New Form\">\n\t\t\t<input type=\"hidden\" name=\"post_id\" value=\"1181\"\/>\n\t\t\t<input type=\"hidden\" name=\"form_id\" value=\"a18d79f\"\/>\n\n\t\t\t\n\t\t\t<div class=\"elementor-form-fields-wrapper elementor-labels-above\">\n\t\t\t\t\t\t\t\t<div class=\"elementor-field-type-text elementor-field-group elementor-column elementor-field-group-name elementor-col-100 elementor-field-required elementor-mark-required\">\n\t\t\t\t\t<label for=\"form-field-name\" class=\"elementor-field-label\">Nombre<\/label><input size=\"1\" type=\"text\" name=\"form_fields[name]\" id=\"form-field-name\" class=\"elementor-field elementor-size-md  elementor-field-textual\" placeholder=\"Andrea G\u00f3mez\" required=\"required\" aria-required=\"true\">\t\t\t\t<\/div>\n\t\t\t\t\t\t\t\t<div class=\"elementor-field-type-email elementor-field-group elementor-column elementor-field-group-email elementor-col-100 elementor-field-required elementor-mark-required\">\n\t\t\t\t\t<label for=\"form-field-email\" class=\"elementor-field-label\">Correo Electr\u00f3nico<\/label><input size=\"1\" type=\"email\" name=\"form_fields[email]\" id=\"form-field-email\" class=\"elementor-field elementor-size-md  elementor-field-textual\" placeholder=\"andrea@dominio.com\" required=\"required\" aria-required=\"true\">\t\t\t\t<\/div>\n\t\t\t\t\t\t\t\t<div class=\"elementor-field-type-textarea elementor-field-group elementor-column elementor-field-group-message elementor-col-100\">\n\t\t\t\t\t<label for=\"form-field-message\" class=\"elementor-field-label\">Mensaje<\/label><textarea class=\"elementor-field-textual elementor-field  elementor-size-md\" name=\"form_fields[message]\" id=\"form-field-message\" rows=\"4\" placeholder=\"Escribe aqu\u00ed tu mensaje\"><\/textarea>\t\t\t\t<\/div>\n\t\t\t\t\t\t\t\t<div class=\"elementor-field-type-acceptance elementor-field-group elementor-column elementor-field-group-terms elementor-col-100 elementor-field-required elementor-mark-required\">\n\t\t\t\t\t<div class=\"elementor-field-subgroup\"><span class=\"elementor-field-option\"><input type=\"checkbox\" name=\"form_fields[terms]\" id=\"form-field-terms\" class=\"elementor-field elementor-size-md  elementor-acceptance-field\" required=\"required\" aria-required=\"true\" checked=\"checked\"> <label for=\"form-field-terms\">Acepto los t\u00e9rminos y condiciones de uso<\/label><\/span><\/div>\t\t\t\t<\/div>\n\t\t\t\t\t\t\t\t<div class=\"elementor-field-type-recaptcha_v3 elementor-field-group elementor-column elementor-field-group-field_6c9ebd6 elementor-col-100 recaptcha_v3-bottomright\">\n\t\t\t\t\t<div class=\"elementor-field\" id=\"form-field-field_6c9ebd6\"><div class=\"elementor-g-recaptcha\" data-sitekey=\"6LcqtYciAAAAANta0-gtC6MoLbfIIpePXPb7t6eb\" data-type=\"v3\" data-action=\"Form\" data-badge=\"bottomright\" data-size=\"invisible\"><\/div><\/div>\t\t\t\t<\/div>\n\t\t\t\t\t\t\t\t<div class=\"elementor-field-group elementor-column elementor-field-type-submit elementor-col-100 e-form__buttons\">\n\t\t\t\t\t<button type=\"submit\" class=\"elementor-button elementor-size-sm\">\n\t\t\t\t\t\t<span >\n\t\t\t\t\t\t\t\t\t\t\t\t\t\t\t<span class=\" elementor-button-icon\">\n\t\t\t\t\t\t\t\t\t\t\t\t\t\t\t\t\t\t\t\t\t\t\t\t\t\t<\/span>\n\t\t\t\t\t\t\t\t\t\t\t\t\t\t\t\t\t\t\t\t\t\t<span class=\"elementor-button-text\">ENVIAR<\/span>\n\t\t\t\t\t\t\t\t\t\t\t\t\t<\/span>\n\t\t\t\t\t<\/button>\n\t\t\t\t<\/div>\n\t\t\t<\/div>\n\t\t<\/form>\n\t\t\t\t<\/div>\n\t\t\t\t<\/div>\n\t\t\t\t\t\t<\/div>\n\t\t\t\t\t<\/div>\n\t\t<\/div>\n\t\t\t\t\t\t\t\t<\/div>\n\t\t\t\t\t<\/div>\n\t\t<\/section>\n\t\t\t\t\t\t<\/div>\n\t\t\t\t\t\t<\/div>\n\t\t\t\t\t<\/div>\n\t\t","protected":false},"excerpt":{"rendered":"<p>\u00a1Me gustar\u00eda recibir atenci\u00f3n psicol\u00f3gica! Cuidar de tu salud mental y emocional es importante en procesos de enfermedad.\u00a0 Es por eso que contamos con una red de Psicoterapeutas y Tanatologos especialistas con los que puedes empezar un proceso de acompa\u00f1amiento e introspecci\u00f3n. Alguien del equipo de Fundaci\u00f3n JOUP Abrazos al Coraz\u00f3n A.C. se pondr\u00e1 en &hellip; <\/p>\n<p class=\"link-more\"><a href=\"https:\/\/joup.mx\/?page_id=1181\" class=\"more-link\">Continuar leyendo<span class=\"screen-reader-text\"> &#8220;Atenci\u00f3n Psicol\u00f3gica&#8221;<\/span><\/a><\/p>\n","protected":false},"author":2,"featured_media":0,"parent":0,"menu_order":0,"comment_status":"closed","ping_status":"closed","template":"elementor_header_footer","meta":[],"_links":{"self":[{"href":"https:\/\/joup.mx\/index.php?rest_route=\/wp\/v2\/pages\/1181"}],"collection":[{"href":"https:\/\/joup.mx\/index.php?rest_route=\/wp\/v2\/pages"}],"about":[{"href":"https:\/\/joup.mx\/index.php?rest_route=\/wp\/v2\/types\/page"}],"author":[{"embeddable":true,"href":"https:\/\/joup.mx\/index.php?rest_route=\/wp\/v2\/users\/2"}],"replies":[{"embeddable":true,"href":"https:\/\/joup.mx\/index.php?rest_route=%2Fwp%2Fv2%2Fcomments&post=1181"}],"version-history":[{"count":67,"href":"https:\/\/joup.mx\/index.php?rest_route=\/wp\/v2\/pages\/1181\/revisions"}],"predecessor-version":[{"id":1821,"href":"https:\/\/joup.mx\/index.php?rest_route=\/wp\/v2\/pages\/1181\/revisions\/1821"}],"wp:attachment":[{"href":"https:\/\/joup.mx\/index.php?rest_route=%2Fwp%2Fv2%2Fmedia&parent=1181"}],"curies":[{"name":"wp","href":"https:\/\/api.w.org\/{rel}","templated":true}]}}