{"id":211,"date":"2020-10-26T15:56:24","date_gmt":"2020-10-26T15:56:24","guid":{"rendered":"http:\/\/joup.mx\/?page_id=211"},"modified":"2021-01-14T13:57:13","modified_gmt":"2021-01-14T13:57:13","slug":"comunidad-2","status":"publish","type":"page","link":"https:\/\/joup.mx\/?page_id=211","title":{"rendered":"Comunidad"},"content":{"rendered":"\t\t<div data-elementor-type=\"wp-page\" data-elementor-id=\"211\" class=\"elementor elementor-211\" data-elementor-settings=\"[]\">\n\t\t\t\t\t\t<div class=\"elementor-inner\">\n\t\t\t\t\t\t\t<div class=\"elementor-section-wrap\">\n\t\t\t\t\t\t\t<section class=\"elementor-section elementor-top-section elementor-element elementor-element-471f4f21 elementor-section-boxed elementor-section-height-default elementor-section-height-default\" data-id=\"471f4f21\" data-element_type=\"section\">\n\t\t\t\t\t\t<div class=\"elementor-container elementor-column-gap-default\">\n\t\t\t\t\t\t\t<div class=\"elementor-row\">\n\t\t\t\t\t<div class=\"elementor-column elementor-col-100 elementor-top-column elementor-element elementor-element-271d772f\" data-id=\"271d772f\" data-element_type=\"column\">\n\t\t\t<div class=\"elementor-column-wrap elementor-element-populated\">\n\t\t\t\t\t\t\t<div class=\"elementor-widget-wrap\">\n\t\t\t\t\t\t<div class=\"elementor-element elementor-element-5f6dd5c9 elementor-widget elementor-widget-heading\" data-id=\"5f6dd5c9\" data-element_type=\"widget\" data-widget_type=\"heading.default\">\n\t\t\t\t<div class=\"elementor-widget-container\">\n\t\t\t<h2 class=\"elementor-heading-title elementor-size-default\">Juntos podemos encontrar m\u00e1s posibilidades<\/h2>\t\t<\/div>\n\t\t\t\t<\/div>\n\t\t\t\t\t\t<\/div>\n\t\t\t\t\t<\/div>\n\t\t<\/div>\n\t\t\t\t\t\t\t\t<\/div>\n\t\t\t\t\t<\/div>\n\t\t<\/section>\n\t\t\t\t<section class=\"elementor-section elementor-top-section elementor-element elementor-element-77883120 elementor-section-content-middle elementor-section-boxed elementor-section-height-default elementor-section-height-default\" data-id=\"77883120\" data-element_type=\"section\" data-settings=\"{&quot;background_background&quot;:&quot;classic&quot;}\">\n\t\t\t\t\t\t<div class=\"elementor-container elementor-column-gap-no\">\n\t\t\t\t\t\t\t<div class=\"elementor-row\">\n\t\t\t\t\t<div class=\"elementor-column elementor-col-50 elementor-top-column elementor-element elementor-element-5da2e50c\" data-id=\"5da2e50c\" data-element_type=\"column\">\n\t\t\t<div class=\"elementor-column-wrap elementor-element-populated\">\n\t\t\t\t\t\t\t<div class=\"elementor-widget-wrap\">\n\t\t\t\t\t\t<div class=\"elementor-element elementor-element-2e4914a4 elementor-widget__width-initial elementor-widget elementor-widget-text-editor\" data-id=\"2e4914a4\" data-element_type=\"widget\" data-widget_type=\"text-editor.default\">\n\t\t\t\t<div class=\"elementor-widget-container\">\n\t\t\t\t\t<div class=\"elementor-text-editor elementor-clearfix\"><p>Sabemos que cada camino es diferente para todos, pero esto no significa que tengas que vivirlo solo.<\/p><p>En esta secci\u00f3n encontrar\u00e1s testimonios, frases y consejos por parte de Joupers (personas) que han vivido o siguen transitando procesos de c\u00e1ncer.<\/p><p>\u00a1Compartamos nuestras experiencias, seamos due\u00f1os de nuestro camino y rompamos los tab\u00fas al rededor del c\u00e1ncer!<\/p><\/div>\n\t\t\t\t<\/div>\n\t\t\t\t<\/div>\n\t\t\t\t\t\t<\/div>\n\t\t\t\t\t<\/div>\n\t\t<\/div>\n\t\t\t\t<div class=\"elementor-column elementor-col-50 elementor-top-column elementor-element elementor-element-2fb29d89\" data-id=\"2fb29d89\" data-element_type=\"column\">\n\t\t\t<div class=\"elementor-column-wrap elementor-element-populated\">\n\t\t\t\t\t\t\t<div class=\"elementor-widget-wrap\">\n\t\t\t\t\t\t<div class=\"elementor-element elementor-element-7ea061d5 elementor-widget elementor-widget-image\" data-id=\"7ea061d5\" data-element_type=\"widget\" data-widget_type=\"image.default\">\n\t\t\t\t<div class=\"elementor-widget-container\">\n\t\t\t\t\t<div class=\"elementor-image\">\n\t\t\t\t\t\t\t\t\t\t<img width=\"737\" height=\"461\" src=\"https:\/\/joup.mx\/wp-content\/uploads\/2020\/10\/FOTO-_COMUNIDAD.png\" class=\"attachment-full size-full\" alt=\"FOTO-COMUNIDAD\" loading=\"lazy\" srcset=\"https:\/\/joup.mx\/wp-content\/uploads\/2020\/10\/FOTO-_COMUNIDAD.png 737w, https:\/\/joup.mx\/wp-content\/uploads\/2020\/10\/FOTO-_COMUNIDAD-600x375.png 600w, https:\/\/joup.mx\/wp-content\/uploads\/2020\/10\/FOTO-_COMUNIDAD-300x188.png 300w\" sizes=\"100vw\" \/>\t\t\t\t\t\t\t\t\t\t\t<\/div>\n\t\t\t\t<\/div>\n\t\t\t\t<\/div>\n\t\t\t\t\t\t<\/div>\n\t\t\t\t\t<\/div>\n\t\t<\/div>\n\t\t\t\t\t\t\t\t<\/div>\n\t\t\t\t\t<\/div>\n\t\t<\/section>\n\t\t\t\t<section class=\"elementor-section elementor-top-section elementor-element elementor-element-7ca5b23f elementor-section-full_width elementor-section-height-default elementor-section-height-default\" data-id=\"7ca5b23f\" data-element_type=\"section\">\n\t\t\t\t\t\t<div class=\"elementor-container elementor-column-gap-default\">\n\t\t\t\t\t\t\t<div class=\"elementor-row\">\n\t\t\t\t\t<div class=\"make-column-clickable-elementor elementor-column elementor-col-50 elementor-top-column elementor-element elementor-element-4e49e307\" style=\"cursor: pointer;\" data-column-clickable=\"http:\/\/joup.mx\/?page_id=216\" data-column-clickable-blank=\"_self\" data-id=\"4e49e307\" data-element_type=\"column\" data-settings=\"{&quot;background_background&quot;:&quot;classic&quot;}\">\n\t\t\t<div class=\"elementor-column-wrap elementor-element-populated\">\n\t\t\t\t\t\t\t<div class=\"elementor-widget-wrap\">\n\t\t\t\t\t\t<section class=\"elementor-section elementor-inner-section elementor-element elementor-element-2eecac97 elementor-section-full_width elementor-section-height-default elementor-section-height-default\" data-id=\"2eecac97\" data-element_type=\"section\">\n\t\t\t\t\t\t<div class=\"elementor-container elementor-column-gap-default\">\n\t\t\t\t\t\t\t<div class=\"elementor-row\">\n\t\t\t\t\t<div class=\"elementor-column elementor-col-50 elementor-inner-column elementor-element elementor-element-3b7a81b\" data-id=\"3b7a81b\" data-element_type=\"column\">\n\t\t\t<div class=\"elementor-column-wrap elementor-element-populated\">\n\t\t\t\t\t\t\t<div class=\"elementor-widget-wrap\">\n\t\t\t\t\t\t<div class=\"elementor-element elementor-element-608cc1d9 elementor-widget elementor-widget-heading\" data-id=\"608cc1d9\" data-element_type=\"widget\" data-widget_type=\"heading.default\">\n\t\t\t\t<div class=\"elementor-widget-container\">\n\t\t\t<h2 class=\"elementor-heading-title elementor-size-default\">HISTORIAS Y TESTIMONIOS<\/h2>\t\t<\/div>\n\t\t\t\t<\/div>\n\t\t\t\t<div class=\"elementor-element elementor-element-73a87132 elementor-widget elementor-widget-heading\" data-id=\"73a87132\" data-element_type=\"widget\" data-widget_type=\"heading.default\">\n\t\t\t\t<div class=\"elementor-widget-container\">\n\t\t\t<h2 class=\"elementor-heading-title elementor-size-default\">Abrazos al coraz\u00f3n<\/h2>\t\t<\/div>\n\t\t\t\t<\/div>\n\t\t\t\t\t\t<\/div>\n\t\t\t\t\t<\/div>\n\t\t<\/div>\n\t\t\t\t<div class=\"elementor-column elementor-col-50 elementor-inner-column elementor-element elementor-element-f07b7fd\" data-id=\"f07b7fd\" data-element_type=\"column\">\n\t\t\t<div class=\"elementor-column-wrap elementor-element-populated\">\n\t\t\t\t\t\t\t<div class=\"elementor-widget-wrap\">\n\t\t\t\t\t\t<div class=\"elementor-element elementor-element-68c48737 elementor-view-default elementor-widget elementor-widget-icon\" data-id=\"68c48737\" data-element_type=\"widget\" data-widget_type=\"icon.default\">\n\t\t\t\t<div class=\"elementor-widget-container\">\n\t\t\t\t\t<div class=\"elementor-icon-wrapper\">\n\t\t\t<div class=\"elementor-icon\">\n\t\t\t<svg xmlns=\"http:\/\/www.w3.org\/2000\/svg\" id=\"Layer_2\" data-name=\"Layer 2\" viewBox=\"0 0 300 340\"><defs><style>.cls-1{fill:#2f3872;}<\/style><\/defs><title>nueva-web-joup<\/title><path class=\"cls-1\" d=\"M85.85,310a11.71,11.71,0,0,1-8.27-20l120-120L77.58,50A11.71,11.71,0,1,1,94.13,33.43L222.42,161.72a11.7,11.7,0,0,1,0,16.56L94.13,306.57A11.64,11.64,0,0,1,85.85,310Z\"><\/path><\/svg>\t\t\t<\/div>\n\t\t<\/div>\n\t\t\t\t<\/div>\n\t\t\t\t<\/div>\n\t\t\t\t\t\t<\/div>\n\t\t\t\t\t<\/div>\n\t\t<\/div>\n\t\t\t\t\t\t\t\t<\/div>\n\t\t\t\t\t<\/div>\n\t\t<\/section>\n\t\t\t\t\t\t<\/div>\n\t\t\t\t\t<\/div>\n\t\t<\/div>\n\t\t\t\t<div class=\"make-column-clickable-elementor elementor-column elementor-col-50 elementor-top-column elementor-element elementor-element-7b2c46d2\" style=\"cursor: pointer;\" data-column-clickable=\"https:\/\/joup.mx\/?page_id=162\" data-column-clickable-blank=\"_self\" data-id=\"7b2c46d2\" data-element_type=\"column\" data-settings=\"{&quot;background_background&quot;:&quot;classic&quot;}\">\n\t\t\t<div class=\"elementor-column-wrap elementor-element-populated\">\n\t\t\t\t\t\t\t<div class=\"elementor-widget-wrap\">\n\t\t\t\t\t\t<section class=\"elementor-section elementor-inner-section elementor-element elementor-element-564c2ef7 elementor-section-full_width elementor-section-height-default elementor-section-height-default\" data-id=\"564c2ef7\" data-element_type=\"section\">\n\t\t\t\t\t\t<div class=\"elementor-container elementor-column-gap-default\">\n\t\t\t\t\t\t\t<div class=\"elementor-row\">\n\t\t\t\t\t<div class=\"elementor-column elementor-col-50 elementor-inner-column elementor-element elementor-element-1ca896b7\" data-id=\"1ca896b7\" data-element_type=\"column\">\n\t\t\t<div class=\"elementor-column-wrap elementor-element-populated\">\n\t\t\t\t\t\t\t<div class=\"elementor-widget-wrap\">\n\t\t\t\t\t\t<div class=\"elementor-element elementor-element-3616a297 elementor-widget elementor-widget-heading\" data-id=\"3616a297\" data-element_type=\"widget\" data-widget_type=\"heading.default\">\n\t\t\t\t<div class=\"elementor-widget-container\">\n\t\t\t<h2 class=\"elementor-heading-title elementor-size-default\">GALER\u00cdA<\/h2>\t\t<\/div>\n\t\t\t\t<\/div>\n\t\t\t\t<div class=\"elementor-element elementor-element-49741491 elementor-widget elementor-widget-heading\" data-id=\"49741491\" data-element_type=\"widget\" data-widget_type=\"heading.default\">\n\t\t\t\t<div class=\"elementor-widget-container\">\n\t\t\t<h2 class=\"elementor-heading-title elementor-size-default\">Comunidad JouP<\/h2>\t\t<\/div>\n\t\t\t\t<\/div>\n\t\t\t\t\t\t<\/div>\n\t\t\t\t\t<\/div>\n\t\t<\/div>\n\t\t\t\t<div class=\"elementor-column elementor-col-50 elementor-inner-column elementor-element elementor-element-414ee529\" data-id=\"414ee529\" data-element_type=\"column\">\n\t\t\t<div class=\"elementor-column-wrap elementor-element-populated\">\n\t\t\t\t\t\t\t<div class=\"elementor-widget-wrap\">\n\t\t\t\t\t\t<div class=\"elementor-element elementor-element-692fad56 elementor-view-default elementor-widget elementor-widget-icon\" data-id=\"692fad56\" data-element_type=\"widget\" data-widget_type=\"icon.default\">\n\t\t\t\t<div class=\"elementor-widget-container\">\n\t\t\t\t\t<div class=\"elementor-icon-wrapper\">\n\t\t\t<div class=\"elementor-icon\">\n\t\t\t<svg xmlns=\"http:\/\/www.w3.org\/2000\/svg\" id=\"Layer_2\" data-name=\"Layer 2\" viewBox=\"0 0 300 340\"><defs><style>.cls-1{fill:#2f3872;}<\/style><\/defs><title>nueva-web-joup<\/title><path class=\"cls-1\" d=\"M85.85,310a11.71,11.71,0,0,1-8.27-20l120-120L77.58,50A11.71,11.71,0,1,1,94.13,33.43L222.42,161.72a11.7,11.7,0,0,1,0,16.56L94.13,306.57A11.64,11.64,0,0,1,85.85,310Z\"><\/path><\/svg>\t\t\t<\/div>\n\t\t<\/div>\n\t\t\t\t<\/div>\n\t\t\t\t<\/div>\n\t\t\t\t\t\t<\/div>\n\t\t\t\t\t<\/div>\n\t\t<\/div>\n\t\t\t\t\t\t\t\t<\/div>\n\t\t\t\t\t<\/div>\n\t\t<\/section>\n\t\t\t\t\t\t<\/div>\n\t\t\t\t\t<\/div>\n\t\t<\/div>\n\t\t\t\t\t\t\t\t<\/div>\n\t\t\t\t\t<\/div>\n\t\t<\/section>\n\t\t\t\t<section class=\"elementor-section elementor-top-section elementor-element elementor-element-cd26c66 elementor-section-boxed elementor-section-height-default elementor-section-height-default\" data-id=\"cd26c66\" data-element_type=\"section\">\n\t\t\t\t\t\t<div class=\"elementor-container elementor-column-gap-default\">\n\t\t\t\t\t\t\t<div class=\"elementor-row\">\n\t\t\t\t\t<div class=\"elementor-column elementor-col-100 elementor-top-column elementor-element elementor-element-6eb0365\" data-id=\"6eb0365\" data-element_type=\"column\">\n\t\t\t<div class=\"elementor-column-wrap elementor-element-populated\">\n\t\t\t\t\t\t\t<div class=\"elementor-widget-wrap\">\n\t\t\t\t\t\t<div class=\"elementor-element elementor-element-d132f2e elementor--h-position-center elementor--v-position-middle elementor-arrows-position-inside elementor-pagination-position-inside elementor-widget elementor-widget-slides\" data-id=\"d132f2e\" data-element_type=\"widget\" data-settings=\"{&quot;navigation&quot;:&quot;both&quot;,&quot;autoplay&quot;:&quot;yes&quot;,&quot;pause_on_hover&quot;:&quot;yes&quot;,&quot;pause_on_interaction&quot;:&quot;yes&quot;,&quot;autoplay_speed&quot;:5000,&quot;infinite&quot;:&quot;yes&quot;,&quot;transition&quot;:&quot;slide&quot;,&quot;transition_speed&quot;:500}\" data-widget_type=\"slides.default\">\n\t\t\t\t<div class=\"elementor-widget-container\">\n\t\t\t\t\t<div class=\"elementor-swiper\">\n\t\t\t<div class=\"elementor-slides-wrapper elementor-main-swiper swiper-container\" dir=\"ltr\" data-animation=\"fadeInUp\">\n\t\t\t\t<div class=\"swiper-wrapper elementor-slides\">\n\t\t\t\t\t<div class=\"elementor-repeater-item-f8b63c8 swiper-slide\"><div class=\"swiper-slide-bg\"><\/div><div class=\"swiper-slide-inner\" ><div class=\"swiper-slide-contents\"><div class=\"elementor-slide-heading\">Tip Joup #1 -Desarrolla relaciones de apoyo con familiares y amigos<\/div><div class=\"elementor-slide-description\">Pide ayuda cuando la necesites. Crea conexiones s\u00f3lidas con gente que quieres y que conf\u00edas. No est\u00e1s solo.<\/div><\/div><\/div><\/div><div class=\"elementor-repeater-item-23f04c1 swiper-slide\"><div class=\"swiper-slide-bg\"><\/div><div class=\"swiper-slide-inner\" ><div class=\"swiper-slide-contents\"><div class=\"elementor-slide-heading\">Tip Joup #2 - Di s\u00ed al cambio<\/div><div class=\"elementor-slide-description\">El cambio es parte de la vida. Aceptar las circunstancias que no se pueden cambiar te puede ayudar a enfocarte en las circunstancias que s\u00ed pueden mejorar.<\/div><\/div><\/div><\/div><div class=\"elementor-repeater-item-0fc3a9a swiper-slide\"><div class=\"swiper-slide-bg\"><\/div><div class=\"swiper-slide-inner\" ><div class=\"swiper-slide-contents\"><div class=\"elementor-slide-heading\">Tip Joup #3 - Camina hacia tus metas<\/div><div class=\"elementor-slide-description\">Ve la situaci\u00f3n de forma realista y establece objetivos razonables. C\u00e9ntrate en afrontar cada cosa en su momento para no abrumarte, aunque esto requiera dar pasos m\u00e1s peque\u00f1os.<\/div><\/div><\/div><\/div><div class=\"elementor-repeater-item-16b8d32 swiper-slide\"><div class=\"swiper-slide-bg\"><\/div><div class=\"swiper-slide-inner\" ><div class=\"swiper-slide-contents\"><div class=\"elementor-slide-heading\">Tip Joup #4 - Conf\u00eda en t\u00ed y en tus habilidades<\/div><div class=\"elementor-slide-description\">Todos tenemos fortalezas y \u00e1reas de oportunidad. Es importante aceptarnos, querernos tal y como somos, y creer en nuestra capacidad de salir adelante. \n \n<\/div><\/div><\/div><\/div><div class=\"elementor-repeater-item-6cffba1 swiper-slide\"><div class=\"swiper-slide-bg\"><\/div><div class=\"swiper-slide-inner\" ><div class=\"swiper-slide-contents\"><div class=\"elementor-slide-heading\">Tip Joup #5 - Desarrolla tus habilidades de comunicaci\u00f3n y soluci\u00f3n de problemas<\/div><div class=\"elementor-slide-description\">Se puede ser pro-activo y compasivo a la vez. Mant\u00e9n las cosas en perspectiva y aprende a expresar lo que sientes.<\/div><\/div><\/div><\/div><div class=\"elementor-repeater-item-ea07002 swiper-slide\"><div class=\"swiper-slide-bg\"><\/div><div class=\"swiper-slide-inner\" ><div class=\"swiper-slide-contents\"><div class=\"elementor-slide-heading\">Tip Joup #6 - Cultiva tu optimismo<\/div><div class=\"elementor-slide-description\">Nunca pierdas la esperanza. Pensar positivo no implica ignorar el problema, sino confiar en que somos capaces de enfrentarlos.<\/div><\/div><\/div><\/div><div class=\"elementor-repeater-item-0caa79e swiper-slide\"><div class=\"swiper-slide-bg\"><\/div><div class=\"swiper-slide-inner\" ><div class=\"swiper-slide-contents\"><div class=\"elementor-slide-heading\">Tip Joup #7 - Fomenta tu bienestar<\/div><div class=\"elementor-slide-description\">Es m\u00e1s f\u00e1cil sobrepasar una crisis si t\u00fa est\u00e1s bien: cuida tu cuerpo, n\u00fatrete, duerme bien, haz ejercicio y regalate espacios para hacer actividades que disfrutes.<\/div><\/div><\/div><\/div><div class=\"elementor-repeater-item-4f52a4a swiper-slide\"><div class=\"swiper-slide-bg\"><\/div><div class=\"swiper-slide-inner\" ><div class=\"swiper-slide-contents\"><div class=\"elementor-slide-heading\">Tip Joup #8 - Equipo integral<\/div><div class=\"elementor-slide-description\">El c\u00e1ncer es una enfermedad multifactorial; es importante abordarla desde diferentes dimensiones y por ello es fundamental hacerte de un equipo de profesionales con los que te sientas seguro, c\u00f3modo y contenido. <\/div><\/div><\/div><\/div><div class=\"elementor-repeater-item-1208d6a swiper-slide\"><div class=\"swiper-slide-bg\"><\/div><div class=\"swiper-slide-inner\" ><div class=\"swiper-slide-contents\"><div class=\"elementor-slide-heading\">Tip Joup #9 - Perm\u00edtete sentir<\/div><div class=\"elementor-slide-description\">Todas las emociones tienen un prop\u00f3sito; si logras identificar y hacer consciente lo que sientes, podr\u00e1s integrar todos los estados emocionales que surjan. <\/div><\/div><\/div><\/div><div class=\"elementor-repeater-item-cddd472 swiper-slide\"><div class=\"swiper-slide-bg\"><\/div><div class=\"swiper-slide-inner\" ><div class=\"swiper-slide-contents\"><div class=\"elementor-slide-heading\">Tip Joup #10 - Conecta contigo<\/div><div class=\"elementor-slide-description\">Puedes conectar contigo a trav\u00e9s de la meditaci\u00f3n, la escritura y la respiraci\u00f3n para as\u00ed lograr tener mayor claridad y encontrar un estado de paz y balance. <\/div><\/div><\/div><\/div><div class=\"elementor-repeater-item-2f2471e swiper-slide\"><div class=\"swiper-slide-bg\"><\/div><div class=\"swiper-slide-inner\" ><div class=\"swiper-slide-contents\"><div class=\"elementor-slide-heading\">Tip Joup #11 - Lo mejor que puedo<\/div><div class=\"elementor-slide-description\">En momentos dif\u00edciles, cierra los ojos y repite: Lo estoy haciendo lo mejor que puedo. <\/div><\/div><\/div><\/div><div class=\"elementor-repeater-item-ca7af05 swiper-slide\"><div class=\"swiper-slide-bg\"><\/div><div class=\"swiper-slide-inner\" ><div class=\"swiper-slide-contents\"><div class=\"elementor-slide-heading\">Tip Joup #12 - Pase lo que pase, saldr\u00e1 el sol<\/div><div class=\"elementor-slide-description\">En momentos de incertidumbre es importante tomar un respiro, analizar las posibilidades que tienes, y elegir un camino que te de paz. Caminando un paso a la vez. <\/div><\/div><\/div><\/div><div class=\"elementor-repeater-item-f8a69e3 swiper-slide\"><div class=\"swiper-slide-bg\"><\/div><div class=\"swiper-slide-inner\" ><div class=\"swiper-slide-contents\"><div class=\"elementor-slide-heading\">Tip Joup #13 - Lo \u00fanico que tenemos siempre, es el cambio<\/div><div class=\"elementor-slide-description\">Siempre habr\u00e1n cambios, y aunque algunos nos llegan por sorpresa, es importante abrazarlos y adaptarnos a ellos. Los cambios nos hacen crecer.<\/div><\/div><\/div><\/div><div class=\"elementor-repeater-item-6899f0b swiper-slide\"><div class=\"swiper-slide-bg\"><\/div><div class=\"swiper-slide-inner\" ><div class=\"swiper-slide-contents\"><div class=\"elementor-slide-heading\">Tip Joup #14 - Vive el presente<\/div><div class=\"elementor-slide-description\">Lo \u00fanico que tenemos es el hoy. No dudes en dar un abrazo y decir un te quiero.<\/div><\/div><\/div><\/div><div class=\"elementor-repeater-item-cb83d0b swiper-slide\"><div class=\"swiper-slide-bg\"><\/div><div class=\"swiper-slide-inner\" ><div class=\"swiper-slide-contents\"><div class=\"elementor-slide-heading\">Tip Joup #15 - Respira<\/div><div class=\"elementor-slide-description\">Antes de tomar cualquier decisi\u00f3n, toma un buen respiro.<\/div><\/div><\/div><\/div>\t\t\t\t<\/div>\n\t\t\t\t\t\t\t\t\t\t\t\t\t\t\t<div class=\"swiper-pagination\"><\/div>\n\t\t\t\t\t\t\t\t\t\t\t\t\t\t\t\t<div class=\"elementor-swiper-button elementor-swiper-button-prev\">\n\t\t\t\t\t\t\t<i class=\"eicon-chevron-left\" aria-hidden=\"true\"><\/i>\n\t\t\t\t\t\t\t<span class=\"elementor-screen-only\">Previous<\/span>\n\t\t\t\t\t\t<\/div>\n\t\t\t\t\t\t<div class=\"elementor-swiper-button elementor-swiper-button-next\">\n\t\t\t\t\t\t\t<i class=\"eicon-chevron-right\" aria-hidden=\"true\"><\/i>\n\t\t\t\t\t\t\t<span class=\"elementor-screen-only\">Next<\/span>\n\t\t\t\t\t\t<\/div>\n\t\t\t\t\t\t\t\t\t\t\t\t<\/div>\n\t\t<\/div>\n\t\t\t\t<\/div>\n\t\t\t\t<\/div>\n\t\t\t\t\t\t<\/div>\n\t\t\t\t\t<\/div>\n\t\t<\/div>\n\t\t\t\t\t\t\t\t<\/div>\n\t\t\t\t\t<\/div>\n\t\t<\/section>\n\t\t\t\t\t\t<\/div>\n\t\t\t\t\t\t<\/div>\n\t\t\t\t\t<\/div>\n\t\t","protected":false},"excerpt":{"rendered":"<p>Juntos podemos encontrar m\u00e1s posibilidades Sabemos que cada camino es diferente para todos, pero esto no significa que tengas que vivirlo solo. En esta secci\u00f3n encontrar\u00e1s testimonios, frases y consejos por parte de Joupers (personas) que han vivido o siguen transitando procesos de c\u00e1ncer. \u00a1Compartamos nuestras experiencias, seamos due\u00f1os de nuestro camino y rompamos los &hellip; <\/p>\n<p class=\"link-more\"><a href=\"https:\/\/joup.mx\/?page_id=211\" class=\"more-link\">Continuar leyendo<span class=\"screen-reader-text\"> &#8220;Comunidad&#8221;<\/span><\/a><\/p>\n","protected":false},"author":2,"featured_media":0,"parent":0,"menu_order":0,"comment_status":"closed","ping_status":"closed","template":"elementor_header_footer","meta":[],"_links":{"self":[{"href":"https:\/\/joup.mx\/index.php?rest_route=\/wp\/v2\/pages\/211"}],"collection":[{"href":"https:\/\/joup.mx\/index.php?rest_route=\/wp\/v2\/pages"}],"about":[{"href":"https:\/\/joup.mx\/index.php?rest_route=\/wp\/v2\/types\/page"}],"author":[{"embeddable":true,"href":"https:\/\/joup.mx\/index.php?rest_route=\/wp\/v2\/users\/2"}],"replies":[{"embeddable":true,"href":"https:\/\/joup.mx\/index.php?rest_route=%2Fwp%2Fv2%2Fcomments&post=211"}],"version-history":[{"count":18,"href":"https:\/\/joup.mx\/index.php?rest_route=\/wp\/v2\/pages\/211\/revisions"}],"predecessor-version":[{"id":859,"href":"https:\/\/joup.mx\/index.php?rest_route=\/wp\/v2\/pages\/211\/revisions\/859"}],"wp:attachment":[{"href":"https:\/\/joup.mx\/index.php?rest_route=%2Fwp%2Fv2%2Fmedia&parent=211"}],"curies":[{"name":"wp","href":"https:\/\/api.w.org\/{rel}","templated":true}]}}