{"id":216,"date":"2020-10-26T16:06:34","date_gmt":"2020-10-26T16:06:34","guid":{"rendered":"http:\/\/joup.mx\/?page_id=216"},"modified":"2021-08-09T16:51:04","modified_gmt":"2021-08-09T21:51:04","slug":"testimonios","status":"publish","type":"page","link":"https:\/\/joup.mx\/?page_id=216","title":{"rendered":"Testimonios"},"content":{"rendered":"\t\t<div data-elementor-type=\"wp-page\" data-elementor-id=\"216\" class=\"elementor elementor-216\" data-elementor-settings=\"[]\">\n\t\t\t\t\t\t<div class=\"elementor-inner\">\n\t\t\t\t\t\t\t<div class=\"elementor-section-wrap\">\n\t\t\t\t\t\t\t<section class=\"elementor-section elementor-top-section elementor-element elementor-element-6f3b6505 elementor-section-boxed elementor-section-height-default elementor-section-height-default\" data-id=\"6f3b6505\" data-element_type=\"section\">\n\t\t\t\t\t\t<div class=\"elementor-container elementor-column-gap-default\">\n\t\t\t\t\t\t\t<div class=\"elementor-row\">\n\t\t\t\t\t<div class=\"elementor-column elementor-col-100 elementor-top-column elementor-element elementor-element-4b653929\" data-id=\"4b653929\" data-element_type=\"column\">\n\t\t\t<div class=\"elementor-column-wrap elementor-element-populated\">\n\t\t\t\t\t\t\t<div class=\"elementor-widget-wrap\">\n\t\t\t\t\t\t<div class=\"elementor-element elementor-element-52215658 elementor-widget elementor-widget-heading\" data-id=\"52215658\" data-element_type=\"widget\" data-widget_type=\"heading.default\">\n\t\t\t\t<div class=\"elementor-widget-container\">\n\t\t\t<h2 class=\"elementor-heading-title elementor-size-default\">Testimonios<\/h2>\t\t<\/div>\n\t\t\t\t<\/div>\n\t\t\t\t\t\t<\/div>\n\t\t\t\t\t<\/div>\n\t\t<\/div>\n\t\t\t\t\t\t\t\t<\/div>\n\t\t\t\t\t<\/div>\n\t\t<\/section>\n\t\t\t\t<section class=\"elementor-section elementor-top-section elementor-element elementor-element-3c0929bd elementor-section-content-middle elementor-section-boxed elementor-section-height-default elementor-section-height-default\" data-id=\"3c0929bd\" data-element_type=\"section\" data-settings=\"{&quot;background_background&quot;:&quot;classic&quot;}\">\n\t\t\t\t\t\t<div class=\"elementor-container elementor-column-gap-no\">\n\t\t\t\t\t\t\t<div class=\"elementor-row\">\n\t\t\t\t\t<div class=\"elementor-column elementor-col-50 elementor-top-column elementor-element elementor-element-46b588c6\" data-id=\"46b588c6\" data-element_type=\"column\">\n\t\t\t<div class=\"elementor-column-wrap elementor-element-populated\">\n\t\t\t\t\t\t\t<div class=\"elementor-widget-wrap\">\n\t\t\t\t\t\t<div class=\"elementor-element elementor-element-5957fbbb elementor-widget elementor-widget-image\" data-id=\"5957fbbb\" data-element_type=\"widget\" data-widget_type=\"image.default\">\n\t\t\t\t<div class=\"elementor-widget-container\">\n\t\t\t\t\t<div class=\"elementor-image\">\n\t\t\t\t\t\t\t\t\t\t<img width=\"720\" height=\"459\" src=\"https:\/\/joup.mx\/wp-content\/uploads\/2020\/10\/FOTO-_TESTIMONIOS.png\" class=\"attachment-full size-full\" alt=\"FOTO-TESTIMONIOS\" loading=\"lazy\" srcset=\"https:\/\/joup.mx\/wp-content\/uploads\/2020\/10\/FOTO-_TESTIMONIOS.png 720w, https:\/\/joup.mx\/wp-content\/uploads\/2020\/10\/FOTO-_TESTIMONIOS-600x383.png 600w, https:\/\/joup.mx\/wp-content\/uploads\/2020\/10\/FOTO-_TESTIMONIOS-300x191.png 300w\" sizes=\"100vw\" \/>\t\t\t\t\t\t\t\t\t\t\t<\/div>\n\t\t\t\t<\/div>\n\t\t\t\t<\/div>\n\t\t\t\t\t\t<\/div>\n\t\t\t\t\t<\/div>\n\t\t<\/div>\n\t\t\t\t<div class=\"elementor-column elementor-col-50 elementor-top-column elementor-element elementor-element-4b611c82\" data-id=\"4b611c82\" data-element_type=\"column\">\n\t\t\t<div class=\"elementor-column-wrap elementor-element-populated\">\n\t\t\t\t\t\t\t<div class=\"elementor-widget-wrap\">\n\t\t\t\t\t\t<div class=\"elementor-element elementor-element-597bef9d elementor-widget__width-initial elementor-widget elementor-widget-text-editor\" data-id=\"597bef9d\" data-element_type=\"widget\" data-widget_type=\"text-editor.default\">\n\t\t\t\t<div class=\"elementor-widget-container\">\n\t\t\t\t\t<div class=\"elementor-text-editor elementor-clearfix\"><p>Probablemente pienses que nadie entiende por lo que est\u00e1s pasando, pero la realidad es que <strong>muchas personas est\u00e1n en tu misma situaci\u00f3n,<\/strong> y aunque cada experiencia es diferente, a veces se puede encontrar esperanza o cari\u00f1o en los mismos lugares.<\/p><p>Aqu\u00ed podr\u00e1s encontrar historias o testimonios que nos han compartido pacientes, familiares, amigos y sobrevivientes que pueden <strong>servirte de inspiraci\u00f3n.<\/strong><\/p><\/div>\n\t\t\t\t<\/div>\n\t\t\t\t<\/div>\n\t\t\t\t\t\t<\/div>\n\t\t\t\t\t<\/div>\n\t\t<\/div>\n\t\t\t\t\t\t\t\t<\/div>\n\t\t\t\t\t<\/div>\n\t\t<\/section>\n\t\t\t\t<section class=\"elementor-section elementor-top-section elementor-element elementor-element-bca0b88 elementor-section-boxed elementor-section-height-default elementor-section-height-default\" data-id=\"bca0b88\" data-element_type=\"section\">\n\t\t\t\t\t\t<div class=\"elementor-container elementor-column-gap-default\">\n\t\t\t\t\t\t\t<div class=\"elementor-row\">\n\t\t\t\t\t<div class=\"elementor-column elementor-col-33 elementor-top-column elementor-element elementor-element-476f62a\" data-id=\"476f62a\" data-element_type=\"column\">\n\t\t\t<div class=\"elementor-column-wrap elementor-element-populated\">\n\t\t\t\t\t\t\t<div class=\"elementor-widget-wrap\">\n\t\t\t\t\t\t<div class=\"elementor-element elementor-element-87b0367 elementor-aspect-ratio-169 elementor-widget elementor-widget-video\" data-id=\"87b0367\" data-element_type=\"widget\" data-settings=\"{&quot;aspect_ratio&quot;:&quot;169&quot;}\" data-widget_type=\"video.default\">\n\t\t\t\t<div class=\"elementor-widget-container\">\n\t\t\t\t\t<div class=\"elementor-wrapper elementor-fit-aspect-ratio elementor-open-inline\">\n\t\t\t<iframe class=\"elementor-video-iframe\" allowfullscreen title=\"Reproductor de video youtube\" src=\"https:\/\/www.youtube.com\/embed\/6jjwKWnQ_WE?feature=oembed&amp;start&amp;end&amp;wmode=opaque&amp;loop=0&amp;controls=1&amp;mute=0&amp;rel=0&amp;modestbranding=0\"><\/iframe>\t\t<\/div>\n\t\t\t\t<\/div>\n\t\t\t\t<\/div>\n\t\t\t\t<div class=\"elementor-element elementor-element-7cf8e77 elementor-widget elementor-widget-heading\" data-id=\"7cf8e77\" data-element_type=\"widget\" data-widget_type=\"heading.default\">\n\t\t\t\t<div class=\"elementor-widget-container\">\n\t\t\t<h2 class=\"elementor-heading-title elementor-size-default\">Las palabras sanan.- Paulina Graf<\/h2>\t\t<\/div>\n\t\t\t\t<\/div>\n\t\t\t\t<div class=\"elementor-element elementor-element-f5f2ae1 elementor-widget elementor-widget-text-editor\" data-id=\"f5f2ae1\" data-element_type=\"widget\" data-widget_type=\"text-editor.default\">\n\t\t\t\t<div class=\"elementor-widget-container\">\n\t\t\t\t\t<div class=\"elementor-text-editor elementor-clearfix\"><p>Paulina Graf nos abre su coraz\u00f3n al compartirnos un poquito de su historia. Hace ocho a\u00f1os diagnosticaron a su pap\u00e1 con Mieloma M\u00faltiple y hoy en su aniversario nos comparte recuerdos, sentimientos y pensamientos que tuvo y sigue teniendo hasta hoy. Reflexiona de la importancia de pedir ayuda, de compartir dolores para hacerlos menos dolorosos y del poder de sanci\u00f3n que tiene la palabra.<\/p><\/div>\n\t\t\t\t<\/div>\n\t\t\t\t<\/div>\n\t\t\t\t\t\t<\/div>\n\t\t\t\t\t<\/div>\n\t\t<\/div>\n\t\t\t\t<div class=\"elementor-column elementor-col-33 elementor-top-column elementor-element elementor-element-ff85f68\" data-id=\"ff85f68\" data-element_type=\"column\">\n\t\t\t<div class=\"elementor-column-wrap elementor-element-populated\">\n\t\t\t\t\t\t\t<div class=\"elementor-widget-wrap\">\n\t\t\t\t\t\t<div class=\"elementor-element elementor-element-e9d35be elementor-aspect-ratio-169 elementor-widget elementor-widget-video\" data-id=\"e9d35be\" data-element_type=\"widget\" data-settings=\"{&quot;aspect_ratio&quot;:&quot;169&quot;}\" data-widget_type=\"video.default\">\n\t\t\t\t<div class=\"elementor-widget-container\">\n\t\t\t\t\t<div class=\"elementor-wrapper elementor-fit-aspect-ratio elementor-open-inline\">\n\t\t\t<iframe class=\"elementor-video-iframe\" allowfullscreen title=\"Reproductor de video youtube\" src=\"https:\/\/www.youtube.com\/embed\/9RSweSrBNG0?feature=oembed&amp;start&amp;end&amp;wmode=opaque&amp;loop=0&amp;controls=1&amp;mute=0&amp;rel=0&amp;modestbranding=0\"><\/iframe>\t\t<\/div>\n\t\t\t\t<\/div>\n\t\t\t\t<\/div>\n\t\t\t\t<div class=\"elementor-element elementor-element-b1c8bd4 elementor-widget elementor-widget-heading\" data-id=\"b1c8bd4\" data-element_type=\"widget\" data-widget_type=\"heading.default\">\n\t\t\t\t<div class=\"elementor-widget-container\">\n\t\t\t<h2 class=\"elementor-heading-title elementor-size-default\">Mi proceso sigue, y est\u00e1 bien.- Lorena Sari\u00f1ana<\/h2>\t\t<\/div>\n\t\t\t\t<\/div>\n\t\t\t\t<div class=\"elementor-element elementor-element-95e81d9 elementor-widget elementor-widget-text-editor\" data-id=\"95e81d9\" data-element_type=\"widget\" data-widget_type=\"text-editor.default\">\n\t\t\t\t<div class=\"elementor-widget-container\">\n\t\t\t\t\t<div class=\"elementor-text-editor elementor-clearfix\"><p>Lore Sari\u00f1ana nos cuenta su historia y nos conmueve con cada palabra, memoria y reflexi\u00f3n. Como hija, nos cuenta c\u00f3mo vivi\u00f3 la enfermedad de su mam\u00e1 y habla de los sentimientos, pensamientos y aprendizajes que fue teniendo a lo largo del proceso.<\/p><\/div>\n\t\t\t\t<\/div>\n\t\t\t\t<\/div>\n\t\t\t\t\t\t<\/div>\n\t\t\t\t\t<\/div>\n\t\t<\/div>\n\t\t\t\t<div class=\"elementor-column elementor-col-33 elementor-top-column elementor-element elementor-element-f9016f6\" data-id=\"f9016f6\" data-element_type=\"column\">\n\t\t\t<div class=\"elementor-column-wrap elementor-element-populated\">\n\t\t\t\t\t\t\t<div class=\"elementor-widget-wrap\">\n\t\t\t\t\t\t<div class=\"elementor-element elementor-element-9ad4b74 elementor-aspect-ratio-169 elementor-widget elementor-widget-video\" data-id=\"9ad4b74\" data-element_type=\"widget\" data-settings=\"{&quot;aspect_ratio&quot;:&quot;169&quot;}\" data-widget_type=\"video.default\">\n\t\t\t\t<div class=\"elementor-widget-container\">\n\t\t\t\t\t<div class=\"elementor-wrapper elementor-fit-aspect-ratio elementor-open-inline\">\n\t\t\t<iframe class=\"elementor-video-iframe\" allowfullscreen title=\"Reproductor de video youtube\" src=\"https:\/\/www.youtube.com\/embed\/ZZtWbY1xA70?feature=oembed&amp;start&amp;end&amp;wmode=opaque&amp;loop=0&amp;controls=1&amp;mute=0&amp;rel=0&amp;modestbranding=0\"><\/iframe>\t\t<\/div>\n\t\t\t\t<\/div>\n\t\t\t\t<\/div>\n\t\t\t\t<div class=\"elementor-element elementor-element-1d62d4f elementor-widget elementor-widget-heading\" data-id=\"1d62d4f\" data-element_type=\"widget\" data-widget_type=\"heading.default\">\n\t\t\t\t<div class=\"elementor-widget-container\">\n\t\t\t<h2 class=\"elementor-heading-title elementor-size-default\">Todo va a estar bien.- Minnie C\u00e1ceres<\/h2>\t\t<\/div>\n\t\t\t\t<\/div>\n\t\t\t\t<div class=\"elementor-element elementor-element-b56cf06 elementor-widget elementor-widget-text-editor\" data-id=\"b56cf06\" data-element_type=\"widget\" data-widget_type=\"text-editor.default\">\n\t\t\t\t<div class=\"elementor-widget-container\">\n\t\t\t\t\t<div class=\"elementor-text-editor elementor-clearfix\"><p>Minnie nos comparte su historia. A sus 24 a\u00f1os diagnosticaron a su mam\u00e1 con c\u00e1ncer de seno y a ra\u00edz de eso vivi\u00f3 muchos cambios. Comparte que a pesar de las dificultades y dolores en el proceso, es importarte mantenernos cerca de gente que nos sume, hacer cosas que nos den paz, ser equipo y saber que pase lo que pase, todo llegar\u00e1 a estar bien.<\/p><\/div>\n\t\t\t\t<\/div>\n\t\t\t\t<\/div>\n\t\t\t\t\t\t<\/div>\n\t\t\t\t\t<\/div>\n\t\t<\/div>\n\t\t\t\t\t\t\t\t<\/div>\n\t\t\t\t\t<\/div>\n\t\t<\/section>\n\t\t\t\t<section class=\"elementor-section elementor-top-section elementor-element elementor-element-d865316 elementor-section-boxed elementor-section-height-default elementor-section-height-default\" data-id=\"d865316\" data-element_type=\"section\">\n\t\t\t\t\t\t<div class=\"elementor-container elementor-column-gap-default\">\n\t\t\t\t\t\t\t<div class=\"elementor-row\">\n\t\t\t\t\t<div class=\"elementor-column elementor-col-33 elementor-top-column elementor-element elementor-element-8646e3e\" data-id=\"8646e3e\" data-element_type=\"column\">\n\t\t\t<div class=\"elementor-column-wrap elementor-element-populated\">\n\t\t\t\t\t\t\t<div class=\"elementor-widget-wrap\">\n\t\t\t\t\t\t<div class=\"elementor-element elementor-element-ade1688 elementor-aspect-ratio-169 elementor-widget elementor-widget-video\" data-id=\"ade1688\" data-element_type=\"widget\" data-settings=\"{&quot;aspect_ratio&quot;:&quot;169&quot;}\" data-widget_type=\"video.default\">\n\t\t\t\t<div class=\"elementor-widget-container\">\n\t\t\t\t\t<div class=\"elementor-wrapper elementor-fit-aspect-ratio elementor-open-inline\">\n\t\t\t<iframe class=\"elementor-video-iframe\" allowfullscreen title=\"Reproductor de video youtube\" src=\"https:\/\/www.youtube.com\/embed\/NIc0oy7VKQk?feature=oembed&amp;start&amp;end&amp;wmode=opaque&amp;loop=0&amp;controls=1&amp;mute=0&amp;rel=0&amp;modestbranding=0\"><\/iframe>\t\t<\/div>\n\t\t\t\t<\/div>\n\t\t\t\t<\/div>\n\t\t\t\t<div class=\"elementor-element elementor-element-e6f58b9 elementor-widget elementor-widget-heading\" data-id=\"e6f58b9\" data-element_type=\"widget\" data-widget_type=\"heading.default\">\n\t\t\t\t<div class=\"elementor-widget-container\">\n\t\t\t<h2 class=\"elementor-heading-title elementor-size-default\">Todo suma. - Luz Olivares<\/h2>\t\t<\/div>\n\t\t\t\t<\/div>\n\t\t\t\t<div class=\"elementor-element elementor-element-278f1ad elementor-widget elementor-widget-text-editor\" data-id=\"278f1ad\" data-element_type=\"widget\" data-widget_type=\"text-editor.default\">\n\t\t\t\t<div class=\"elementor-widget-container\">\n\t\t\t\t\t<div class=\"elementor-text-editor elementor-clearfix\"><div id=\"meta\" class=\"style-scope ytd-watch-flexy\"><div id=\"meta-contents\" class=\"style-scope ytd-watch-flexy\"><div id=\"container\" class=\"style-scope ytd-video-secondary-info-renderer\"><div id=\"content\" class=\"style-scope ytd-expander\"><div id=\"description\" class=\"style-scope ytd-video-secondary-info-renderer\">Luz Olivares nos abre su coraz\u00f3n y nos cuenta su historia como mam\u00e1 en un proceso de c\u00e1ncer. Nos abre la puerta a su vulnerabilidad y nos permite conectar con esa fuerza, honestidad, amor, y luz que la caracteriza.\u00a0<\/div><\/div><\/div><\/div><\/div><\/div>\n\t\t\t\t<\/div>\n\t\t\t\t<\/div>\n\t\t\t\t\t\t<\/div>\n\t\t\t\t\t<\/div>\n\t\t<\/div>\n\t\t\t\t<div class=\"elementor-column elementor-col-33 elementor-top-column elementor-element elementor-element-ca3fa61\" data-id=\"ca3fa61\" data-element_type=\"column\">\n\t\t\t<div class=\"elementor-column-wrap elementor-element-populated\">\n\t\t\t\t\t\t\t<div class=\"elementor-widget-wrap\">\n\t\t\t\t\t\t<div class=\"elementor-element elementor-element-ff82bc2 elementor-aspect-ratio-169 elementor-widget elementor-widget-video\" data-id=\"ff82bc2\" data-element_type=\"widget\" data-settings=\"{&quot;aspect_ratio&quot;:&quot;169&quot;}\" data-widget_type=\"video.default\">\n\t\t\t\t<div class=\"elementor-widget-container\">\n\t\t\t\t\t<div class=\"elementor-wrapper elementor-fit-aspect-ratio elementor-open-inline\">\n\t\t\t<iframe class=\"elementor-video-iframe\" allowfullscreen title=\"Reproductor de video youtube\" src=\"https:\/\/www.youtube.com\/embed\/hn-82eYoM14?feature=oembed&amp;start&amp;end&amp;wmode=opaque&amp;loop=0&amp;controls=1&amp;mute=0&amp;rel=0&amp;modestbranding=0\"><\/iframe>\t\t<\/div>\n\t\t\t\t<\/div>\n\t\t\t\t<\/div>\n\t\t\t\t<div class=\"elementor-element elementor-element-1fb4025 elementor-widget elementor-widget-heading\" data-id=\"1fb4025\" data-element_type=\"widget\" data-widget_type=\"heading.default\">\n\t\t\t\t<div class=\"elementor-widget-container\">\n\t\t\t<h2 class=\"elementor-heading-title elementor-size-default\">Est\u00e1 bien no estar bien. - Alexia Alcocer<\/h2>\t\t<\/div>\n\t\t\t\t<\/div>\n\t\t\t\t<div class=\"elementor-element elementor-element-2fc5a19 elementor-widget elementor-widget-text-editor\" data-id=\"2fc5a19\" data-element_type=\"widget\" data-widget_type=\"text-editor.default\">\n\t\t\t\t<div class=\"elementor-widget-container\">\n\t\t\t\t\t<div class=\"elementor-text-editor elementor-clearfix\"><p>Alexia Alcocer nos comparte su historia y nos permite conocer c\u00f3mo fue para ella el proceso de c\u00e1ncer con su hermano. Habla de los cambios, y de c\u00f3mo aunque los cambios a veces son dif\u00edciles e inesperados, tambi\u00e9n pueden traer ense\u00f1anzas, aprendizajes, y crecimiento.\u00a0<\/p><\/div>\n\t\t\t\t<\/div>\n\t\t\t\t<\/div>\n\t\t\t\t\t\t<\/div>\n\t\t\t\t\t<\/div>\n\t\t<\/div>\n\t\t\t\t<div class=\"elementor-column elementor-col-33 elementor-top-column elementor-element elementor-element-74a95c8\" data-id=\"74a95c8\" data-element_type=\"column\">\n\t\t\t<div class=\"elementor-column-wrap elementor-element-populated\">\n\t\t\t\t\t\t\t<div class=\"elementor-widget-wrap\">\n\t\t\t\t\t\t<div class=\"elementor-element elementor-element-2ee79ce elementor-aspect-ratio-169 elementor-widget elementor-widget-video\" data-id=\"2ee79ce\" data-element_type=\"widget\" data-settings=\"{&quot;aspect_ratio&quot;:&quot;169&quot;}\" data-widget_type=\"video.default\">\n\t\t\t\t<div class=\"elementor-widget-container\">\n\t\t\t\t\t<div class=\"elementor-wrapper elementor-fit-aspect-ratio elementor-open-inline\">\n\t\t\t<iframe class=\"elementor-video-iframe\" allowfullscreen title=\"Reproductor de video youtube\" src=\"https:\/\/www.youtube.com\/embed\/M_LWnh1v8v8?feature=oembed&amp;start&amp;end&amp;wmode=opaque&amp;loop=0&amp;controls=1&amp;mute=0&amp;rel=0&amp;modestbranding=0\"><\/iframe>\t\t<\/div>\n\t\t\t\t<\/div>\n\t\t\t\t<\/div>\n\t\t\t\t<div class=\"elementor-element elementor-element-6d7c666 elementor-widget elementor-widget-heading\" data-id=\"6d7c666\" data-element_type=\"widget\" data-widget_type=\"heading.default\">\n\t\t\t\t<div class=\"elementor-widget-container\">\n\t\t\t<h2 class=\"elementor-heading-title elementor-size-default\">Est\u00e1 bien recordar que no somos invencibles. - Regina de Palacio<\/h2>\t\t<\/div>\n\t\t\t\t<\/div>\n\t\t\t\t<div class=\"elementor-element elementor-element-4fbd841 elementor-widget elementor-widget-text-editor\" data-id=\"4fbd841\" data-element_type=\"widget\" data-widget_type=\"text-editor.default\">\n\t\t\t\t<div class=\"elementor-widget-container\">\n\t\t\t\t\t<div class=\"elementor-text-editor elementor-clearfix\"><p>Regina de Palacio nos comparte un poco de su historia y c\u00f3mo ha sido su proceso en el c\u00e1ncer como hija. Ella se dio cuenta de que nada ni nadie es para siempre y est\u00e1 bien recordarlo para disfrutar la vida, para decirle a los que tienes cerca cuanto los amas, para agradecer, perdonar, cuestionarte y dejar a un lado lo que piensan los dem\u00e1s y serte fiel a ti y a lo que sientes.<\/p><\/div>\n\t\t\t\t<\/div>\n\t\t\t\t<\/div>\n\t\t\t\t\t\t<\/div>\n\t\t\t\t\t<\/div>\n\t\t<\/div>\n\t\t\t\t\t\t\t\t<\/div>\n\t\t\t\t\t<\/div>\n\t\t<\/section>\n\t\t\t\t\t\t<\/div>\n\t\t\t\t\t\t<\/div>\n\t\t\t\t\t<\/div>\n\t\t","protected":false},"excerpt":{"rendered":"<p>Testimonios Probablemente pienses que nadie entiende por lo que est\u00e1s pasando, pero la realidad es que muchas personas est\u00e1n en tu misma situaci\u00f3n, y aunque cada experiencia es diferente, a veces se puede encontrar esperanza o cari\u00f1o en los mismos lugares. Aqu\u00ed podr\u00e1s encontrar historias o testimonios que nos han compartido pacientes, familiares, amigos y &hellip; <\/p>\n<p class=\"link-more\"><a href=\"https:\/\/joup.mx\/?page_id=216\" class=\"more-link\">Continuar leyendo<span class=\"screen-reader-text\"> &#8220;Testimonios&#8221;<\/span><\/a><\/p>\n","protected":false},"author":2,"featured_media":0,"parent":0,"menu_order":0,"comment_status":"closed","ping_status":"closed","template":"elementor_header_footer","meta":[],"_links":{"self":[{"href":"https:\/\/joup.mx\/index.php?rest_route=\/wp\/v2\/pages\/216"}],"collection":[{"href":"https:\/\/joup.mx\/index.php?rest_route=\/wp\/v2\/pages"}],"about":[{"href":"https:\/\/joup.mx\/index.php?rest_route=\/wp\/v2\/types\/page"}],"author":[{"embeddable":true,"href":"https:\/\/joup.mx\/index.php?rest_route=\/wp\/v2\/users\/2"}],"replies":[{"embeddable":true,"href":"https:\/\/joup.mx\/index.php?rest_route=%2Fwp%2Fv2%2Fcomments&post=216"}],"version-history":[{"count":30,"href":"https:\/\/joup.mx\/index.php?rest_route=\/wp\/v2\/pages\/216\/revisions"}],"predecessor-version":[{"id":1524,"href":"https:\/\/joup.mx\/index.php?rest_route=\/wp\/v2\/pages\/216\/revisions\/1524"}],"wp:attachment":[{"href":"https:\/\/joup.mx\/index.php?rest_route=%2Fwp%2Fv2%2Fmedia&parent=216"}],"curies":[{"name":"wp","href":"https:\/\/api.w.org\/{rel}","templated":true}]}}