{"id":223,"date":"2020-10-26T16:21:03","date_gmt":"2020-10-26T22:21:03","guid":{"rendered":"http:\/\/joup.mx\/?page_id=223"},"modified":"2022-08-02T20:09:10","modified_gmt":"2022-08-03T01:09:10","slug":"blog","status":"publish","type":"page","link":"https:\/\/joup.mx\/?page_id=223","title":{"rendered":"Art\u00edculos"},"content":{"rendered":"\t\t<div data-elementor-type=\"wp-page\" data-elementor-id=\"223\" class=\"elementor elementor-223\" data-elementor-settings=\"[]\">\n\t\t\t\t\t\t<div class=\"elementor-inner\">\n\t\t\t\t\t\t\t<div class=\"elementor-section-wrap\">\n\t\t\t\t\t\t\t<section class=\"elementor-section elementor-top-section elementor-element elementor-element-6a1c1603 elementor-section-boxed elementor-section-height-default elementor-section-height-default\" data-id=\"6a1c1603\" data-element_type=\"section\" data-settings=\"{&quot;background_background&quot;:&quot;slideshow&quot;,&quot;background_slideshow_gallery&quot;:[],&quot;background_slideshow_loop&quot;:&quot;yes&quot;,&quot;background_slideshow_slide_duration&quot;:5000,&quot;background_slideshow_slide_transition&quot;:&quot;fade&quot;,&quot;background_slideshow_transition_duration&quot;:500}\">\n\t\t\t\t\t\t<div class=\"elementor-container elementor-column-gap-default\">\n\t\t\t\t\t\t\t<div class=\"elementor-row\">\n\t\t\t\t\t<div class=\"elementor-column elementor-col-100 elementor-top-column elementor-element elementor-element-74e47106\" data-id=\"74e47106\" data-element_type=\"column\">\n\t\t\t<div class=\"elementor-column-wrap elementor-element-populated\">\n\t\t\t\t\t\t\t<div class=\"elementor-widget-wrap\">\n\t\t\t\t\t\t<div class=\"elementor-element elementor-element-6eb6e828 elementor-widget elementor-widget-heading\" data-id=\"6eb6e828\" data-element_type=\"widget\" data-widget_type=\"heading.default\">\n\t\t\t\t<div class=\"elementor-widget-container\">\n\t\t\t<h2 class=\"elementor-heading-title elementor-size-default\">Nuestro Blog<\/h2>\t\t<\/div>\n\t\t\t\t<\/div>\n\t\t\t\t\t\t<\/div>\n\t\t\t\t\t<\/div>\n\t\t<\/div>\n\t\t\t\t\t\t\t\t<\/div>\n\t\t\t\t\t<\/div>\n\t\t<\/section>\n\t\t\t\t<section class=\"elementor-section elementor-top-section elementor-element elementor-element-83c7315 elementor-section-boxed elementor-section-height-default elementor-section-height-default\" data-id=\"83c7315\" data-element_type=\"section\">\n\t\t\t\t\t\t<div class=\"elementor-container elementor-column-gap-default\">\n\t\t\t\t\t\t\t<div class=\"elementor-row\">\n\t\t\t\t\t<div class=\"make-column-clickable-elementor elementor-column elementor-col-100 elementor-top-column elementor-element elementor-element-c663630\" style=\"cursor: pointer;\" data-column-clickable=\"https:\/\/open.spotify.com\/show\/4fc44FT1FuGMSMYr5w6UtO?si=7ij4K2LeSuuW9YMyAlHTUg\" data-column-clickable-blank=\"_blank\" data-id=\"c663630\" data-element_type=\"column\" data-settings=\"{&quot;background_background&quot;:&quot;classic&quot;}\">\n\t\t\t<div class=\"elementor-column-wrap elementor-element-populated\">\n\t\t\t\t\t\t\t<div class=\"elementor-widget-wrap\">\n\t\t\t\t\t\t<div class=\"elementor-element elementor-element-a70b4dc elementor-widget elementor-widget-heading\" data-id=\"a70b4dc\" data-element_type=\"widget\" data-widget_type=\"heading.default\">\n\t\t\t\t<div class=\"elementor-widget-container\">\n\t\t\t<h2 class=\"elementor-heading-title elementor-size-default\">Escucha nuestro podcast Abrazos al coraz\u00f3n en Spotify<\/h2>\t\t<\/div>\n\t\t\t\t<\/div>\n\t\t\t\t\t\t<\/div>\n\t\t\t\t\t<\/div>\n\t\t<\/div>\n\t\t\t\t\t\t\t\t<\/div>\n\t\t\t\t\t<\/div>\n\t\t<\/section>\n\t\t\t\t<section class=\"elementor-section elementor-top-section elementor-element elementor-element-0b87723 elementor-section-boxed elementor-section-height-default elementor-section-height-default\" data-id=\"0b87723\" data-element_type=\"section\">\n\t\t\t\t\t\t<div class=\"elementor-container elementor-column-gap-default\">\n\t\t\t\t\t\t\t<div class=\"elementor-row\">\n\t\t\t\t\t<div class=\"elementor-column elementor-col-100 elementor-top-column elementor-element elementor-element-15d22ed\" data-id=\"15d22ed\" data-element_type=\"column\">\n\t\t\t<div class=\"elementor-column-wrap elementor-element-populated\">\n\t\t\t\t\t\t\t<div class=\"elementor-widget-wrap\">\n\t\t\t\t\t\t<div class=\"elementor-element elementor-element-54cbe49 elementor-grid-2 elementor-grid-tablet-2 elementor-grid-mobile-1 elementor-posts--align-left elementor-widget elementor-widget-blogmentor_blog_posts\" data-id=\"54cbe49\" data-element_type=\"widget\" data-settings=\"{&quot;bm_grid_columns&quot;:&quot;2&quot;,&quot;bm_grid_columns_tablet&quot;:&quot;2&quot;,&quot;bm_grid_columns_mobile&quot;:&quot;1&quot;,&quot;post_card_grid_gap&quot;:{&quot;unit&quot;:&quot;px&quot;,&quot;size&quot;:10,&quot;sizes&quot;:[]},&quot;post_card_row_gap&quot;:{&quot;unit&quot;:&quot;px&quot;,&quot;size&quot;:35,&quot;sizes&quot;:[]}}\" data-widget_type=\"blogmentor_blog_posts.default\">\n\t\t\t\t<div class=\"elementor-widget-container\">\n\t\t\t\t\t\n\t\t\t\t\t\t\t\t<div class=\"bm-blog-posts-wrapper\" >\n\t\t\t\t\t\t\t<div class=\"bm-blog-posts bm-display-grid elementor-grid elementor-grid-2\" >\n\t\t\t\t    <article id=\"post-1758\" class=\"item bm_layout post-1758 post type-post status-publish format-standard has-post-thumbnail hentry category-uncategorized\">\n\t\t<div class=\"bm-blog-post-image entry-post-image\">\n\t\t\t<div class=\"bm-post-image clearfix bm-hover-effect bm-hover-effect-blur\">\n\t\t\t\t<img width=\"480\" height=\"250\" src=\"https:\/\/joup.mx\/wp-content\/uploads\/2022\/04\/Amistades-en-procesos-oncologicos-480x250.jpg\" class=\"attachment-bm-post-medium size-bm-post-medium wp-post-image\" alt=\"\" loading=\"lazy\" sizes=\"100vw\" \/>\t\t\t<\/div>\n\t\t<\/div>\n        <div class=\"bm-blog-post-content bm_content_box\">\n            <h4 class=\"entry-post-title bm_title\"><a href=\"https:\/\/joup.mx\/?p=1758\" rel=\"bookmark\">Amistades en el proceso oncol\u00f3gico<\/a><\/h4>            <div class=\"bm-blog-post-meta entry-post-meta bm_meta\">\n                            <\/div>\n            <div class=\"entry-post-content bm_content\">\n                Este escrito tiene como prop\u00f3sito brindar herramientas a personas que buscan acompa\u00f1ar a su amigo mientras vive un proceso oncol\u00f3gico. En el entendido de que <div><a href=\"https:\/\/joup.mx\/?p=1758\" rel=\"bookmark\" class=\"bm-read-more entry-read-more\">Read More \u00bb<\/a><div>            <\/div>\n        <\/div>\n    <\/article>\n    <article id=\"post-1708\" class=\"item bm_layout post-1708 post type-post status-publish format-standard has-post-thumbnail hentry category-uncategorized\">\n\t\t<div class=\"bm-blog-post-image entry-post-image\">\n\t\t\t<div class=\"bm-post-image clearfix bm-hover-effect bm-hover-effect-blur\">\n\t\t\t\t<img width=\"480\" height=\"250\" src=\"https:\/\/joup.mx\/wp-content\/uploads\/2022\/01\/Identificar-tus-emociones--480x250.jpg\" class=\"attachment-bm-post-medium size-bm-post-medium wp-post-image\" alt=\"\" loading=\"lazy\" sizes=\"100vw\" \/>\t\t\t<\/div>\n\t\t<\/div>\n        <div class=\"bm-blog-post-content bm_content_box\">\n            <h4 class=\"entry-post-title bm_title\"><a href=\"https:\/\/joup.mx\/?p=1708\" rel=\"bookmark\">La importancia de nombrar tus emociones<\/a><\/h4>            <div class=\"bm-blog-post-meta entry-post-meta bm_meta\">\n                            <\/div>\n            <div class=\"entry-post-content bm_content\">\n                En la experiencia que est\u00e1s viviendo, \u00bfqu\u00e9 emoci\u00f3n sientes? Las emociones nos indican el impacto que tienen los eventos y experiencias en nuestra vida, y <div><a href=\"https:\/\/joup.mx\/?p=1708\" rel=\"bookmark\" class=\"bm-read-more entry-read-more\">Read More \u00bb<\/a><div>            <\/div>\n        <\/div>\n    <\/article>\n    <article id=\"post-1702\" class=\"item bm_layout post-1702 post type-post status-publish format-standard has-post-thumbnail hentry category-uncategorized\">\n\t\t<div class=\"bm-blog-post-image entry-post-image\">\n\t\t\t<div class=\"bm-post-image clearfix bm-hover-effect bm-hover-effect-blur\">\n\t\t\t\t<img width=\"480\" height=\"250\" src=\"https:\/\/joup.mx\/wp-content\/uploads\/2022\/01\/Parejas-en-procesos-oncolo\u0301gicos-480x250.png\" class=\"attachment-bm-post-medium size-bm-post-medium wp-post-image\" alt=\"\" loading=\"lazy\" sizes=\"100vw\" \/>\t\t\t<\/div>\n\t\t<\/div>\n        <div class=\"bm-blog-post-content bm_content_box\">\n            <h4 class=\"entry-post-title bm_title\"><a href=\"https:\/\/joup.mx\/?p=1702\" rel=\"bookmark\">La pareja en procesos oncol\u00f3gicos<\/a><\/h4>            <div class=\"bm-blog-post-meta entry-post-meta bm_meta\">\n                            <\/div>\n            <div class=\"entry-post-content bm_content\">\n                En la vida existen distintos tipos de relaciones: familiares, amistades, laborales, amorosas, etc. Estas implican un lazo afectivo el cual se desempe\u00f1a en diferentes \u00e1reas <div><a href=\"https:\/\/joup.mx\/?p=1702\" rel=\"bookmark\" class=\"bm-read-more entry-read-more\">Read More \u00bb<\/a><div>            <\/div>\n        <\/div>\n    <\/article>\n    <article id=\"post-1581\" class=\"item bm_layout post-1581 post type-post status-publish format-standard has-post-thumbnail hentry category-uncategorized\">\n\t\t<div class=\"bm-blog-post-image entry-post-image\">\n\t\t\t<div class=\"bm-post-image clearfix bm-hover-effect bm-hover-effect-blur\">\n\t\t\t\t<img width=\"480\" height=\"250\" src=\"https:\/\/joup.mx\/wp-content\/uploads\/2021\/08\/unnamed-480x250.png\" class=\"attachment-bm-post-medium size-bm-post-medium wp-post-image\" alt=\"\" loading=\"lazy\" sizes=\"100vw\" \/>\t\t\t<\/div>\n\t\t<\/div>\n        <div class=\"bm-blog-post-content bm_content_box\">\n            <h4 class=\"entry-post-title bm_title\"><a href=\"https:\/\/joup.mx\/?p=1581\" rel=\"bookmark\">10 a\u00f1os despu\u00e9s, infinita gratitud<\/a><\/h4>            <div class=\"bm-blog-post-meta entry-post-meta bm_meta\">\n                            <\/div>\n            <div class=\"entry-post-content bm_content\">\n                En agosto de este a\u00f1o se cumplen 10 a\u00f1os del diagn\u00f3stico que cambi\u00f3 mi vida, el que me rompi\u00f3 por completo pero que tambi\u00e9n me <div><a href=\"https:\/\/joup.mx\/?p=1581\" rel=\"bookmark\" class=\"bm-read-more entry-read-more\">Read More \u00bb<\/a><div>            <\/div>\n        <\/div>\n    <\/article>\n    <article id=\"post-1510\" class=\"item bm_layout post-1510 post type-post status-publish format-standard has-post-thumbnail hentry category-uncategorized\">\n\t\t<div class=\"bm-blog-post-image entry-post-image\">\n\t\t\t<div class=\"bm-post-image clearfix bm-hover-effect bm-hover-effect-blur\">\n\t\t\t\t<img width=\"480\" height=\"250\" src=\"https:\/\/joup.mx\/wp-content\/uploads\/2021\/08\/Enfermedad-los-mas-chicos-tambien-se-dan-cuenta-3-480x250.png\" class=\"attachment-bm-post-medium size-bm-post-medium wp-post-image\" alt=\"\" loading=\"lazy\" sizes=\"100vw\" \/>\t\t\t<\/div>\n\t\t<\/div>\n        <div class=\"bm-blog-post-content bm_content_box\">\n            <h4 class=\"entry-post-title bm_title\"><a href=\"https:\/\/joup.mx\/?p=1510\" rel=\"bookmark\">Los m\u00e1s chicos tambi\u00e9n se dan cuenta: c\u00f3mo abordar el proceso de la enfermedad con ni\u00f1os y adolescentes<\/a><\/h4>            <div class=\"bm-blog-post-meta entry-post-meta bm_meta\">\n                            <\/div>\n            <div class=\"entry-post-content bm_content\">\n                La llegada de una enfermedad Cuando un ser querido o familiar cercano recibe un diagn\u00f3stico aterrador, como lo puede ser el del c\u00e1ncer, una enfermedad <div><a href=\"https:\/\/joup.mx\/?p=1510\" rel=\"bookmark\" class=\"bm-read-more entry-read-more\">Read More \u00bb<\/a><div>            <\/div>\n        <\/div>\n    <\/article>\n\t\t\t\t<\/div><\/div>\n\t\t\t\t\t\t\t<div class=\"bm-pagination pagination_style_2\">\n\t\t\t\t\t\t\t<\/div>\n\t\t\t\t<\/div>\n\t\t\t\t<\/div>\n\t\t\t\t\t\t<\/div>\n\t\t\t\t\t<\/div>\n\t\t<\/div>\n\t\t\t\t\t\t\t\t<\/div>\n\t\t\t\t\t<\/div>\n\t\t<\/section>\n\t\t\t\t\t\t<\/div>\n\t\t\t\t\t\t<\/div>\n\t\t\t\t\t<\/div>\n\t\t","protected":false},"excerpt":{"rendered":"<p>Nuestro Blog Escucha nuestro podcast Abrazos al coraz\u00f3n en Spotify 10 a\u00f1os despu\u00e9s, infinita gratitud En agosto de este a\u00f1o se cumplen 10 a\u00f1os del diagn\u00f3stico que cambi\u00f3 mi vida, el que me rompi\u00f3 por completo pero que tambi\u00e9n me Read More \u00bb Los m\u00e1s chicos tambi\u00e9n se dan cuenta: c\u00f3mo abordar el proceso de &hellip; <\/p>\n<p class=\"link-more\"><a href=\"https:\/\/joup.mx\/?p=1510\" class=\"more-link\">Continuar leyendo<span class=\"screen-reader-text\"> &#8220;Los m\u00e1s chicos tambi\u00e9n se dan cuenta: c\u00f3mo abordar el proceso de la enfermedad con ni\u00f1os y adolescentes&#8221;<\/span><\/a><\/p>\n","protected":false},"author":2,"featured_media":0,"parent":0,"menu_order":0,"comment_status":"closed","ping_status":"closed","template":"elementor_header_footer","meta":[],"_links":{"self":[{"href":"https:\/\/joup.mx\/index.php?rest_route=\/wp\/v2\/pages\/223"}],"collection":[{"href":"https:\/\/joup.mx\/index.php?rest_route=\/wp\/v2\/pages"}],"about":[{"href":"https:\/\/joup.mx\/index.php?rest_route=\/wp\/v2\/types\/page"}],"author":[{"embeddable":true,"href":"https:\/\/joup.mx\/index.php?rest_route=\/wp\/v2\/users\/2"}],"replies":[{"embeddable":true,"href":"https:\/\/joup.mx\/index.php?rest_route=%2Fwp%2Fv2%2Fcomments&post=223"}],"version-history":[{"count":34,"href":"https:\/\/joup.mx\/index.php?rest_route=\/wp\/v2\/pages\/223\/revisions"}],"predecessor-version":[{"id":1766,"href":"https:\/\/joup.mx\/index.php?rest_route=\/wp\/v2\/pages\/223\/revisions\/1766"}],"wp:attachment":[{"href":"https:\/\/joup.mx\/index.php?rest_route=%2Fwp%2Fv2%2Fmedia&parent=223"}],"curies":[{"name":"wp","href":"https:\/\/api.w.org\/{rel}","templated":true}]}}