{"id":386,"date":"2020-11-02T05:16:13","date_gmt":"2020-11-02T05:16:13","guid":{"rendered":"http:\/\/joup.mx\/?page_id=386"},"modified":"2020-12-10T18:05:18","modified_gmt":"2020-12-10T18:05:18","slug":"terminos-y-condiciones-de-uso","status":"publish","type":"page","link":"https:\/\/joup.mx\/?page_id=386","title":{"rendered":"T\u00e9rminos y Condiciones de Uso"},"content":{"rendered":"\t\t<div data-elementor-type=\"wp-page\" data-elementor-id=\"386\" class=\"elementor elementor-386\" data-elementor-settings=\"[]\">\n\t\t\t\t\t\t<div class=\"elementor-inner\">\n\t\t\t\t\t\t\t<div class=\"elementor-section-wrap\">\n\t\t\t\t\t\t\t<section class=\"elementor-section elementor-top-section elementor-element elementor-element-5745ccb5 elementor-section-boxed elementor-section-height-default elementor-section-height-default\" data-id=\"5745ccb5\" data-element_type=\"section\">\n\t\t\t\t\t\t<div class=\"elementor-container elementor-column-gap-default\">\n\t\t\t\t\t\t\t<div class=\"elementor-row\">\n\t\t\t\t\t<div class=\"elementor-column elementor-col-100 elementor-top-column elementor-element elementor-element-3a6fc0c5\" data-id=\"3a6fc0c5\" data-element_type=\"column\">\n\t\t\t<div class=\"elementor-column-wrap elementor-element-populated\">\n\t\t\t\t\t\t\t<div class=\"elementor-widget-wrap\">\n\t\t\t\t\t\t<div class=\"elementor-element elementor-element-5b4a73c1 elementor-widget elementor-widget-heading\" data-id=\"5b4a73c1\" data-element_type=\"widget\" data-widget_type=\"heading.default\">\n\t\t\t\t<div class=\"elementor-widget-container\">\n\t\t\t<h2 class=\"elementor-heading-title elementor-size-default\">T\u00e9rminos y Condiciones de Uso<\/h2>\t\t<\/div>\n\t\t\t\t<\/div>\n\t\t\t\t\t\t<\/div>\n\t\t\t\t\t<\/div>\n\t\t<\/div>\n\t\t\t\t\t\t\t\t<\/div>\n\t\t\t\t\t<\/div>\n\t\t<\/section>\n\t\t\t\t<section class=\"elementor-section elementor-top-section elementor-element elementor-element-5ad91b3 elementor-section-boxed elementor-section-height-default elementor-section-height-default\" data-id=\"5ad91b3\" data-element_type=\"section\">\n\t\t\t\t\t\t<div class=\"elementor-container elementor-column-gap-default\">\n\t\t\t\t\t\t\t<div class=\"elementor-row\">\n\t\t\t\t\t<div class=\"elementor-column elementor-col-100 elementor-top-column elementor-element elementor-element-a06e37a\" data-id=\"a06e37a\" data-element_type=\"column\">\n\t\t\t<div class=\"elementor-column-wrap elementor-element-populated\">\n\t\t\t\t\t\t\t<div class=\"elementor-widget-wrap\">\n\t\t\t\t\t\t<div class=\"elementor-element elementor-element-545d555 elementor-widget elementor-widget-text-editor\" data-id=\"545d555\" data-element_type=\"widget\" data-widget_type=\"text-editor.default\">\n\t\t\t\t<div class=\"elementor-widget-container\">\n\t\t\t\t\t<div class=\"elementor-text-editor elementor-clearfix\"><p>Los presentes T\u00e9rminos regulan el acceso y el uso de los sitios web <a href=\"http:\/\/www.joup.mx\">www.joup.mx<\/a>\u00a0 y <a href=\"http:\/\/www.joup.mx\">www.joup.org<\/a> \u00a0as\u00ed como las redes sociales bajo el nombre de JouP, (en adelante las \u201cPlataformas\u201d), los cuales son propiedad de JOUP, A.C., con domicilio en la Ciudad de M\u00e9xico (en adelante \u201cJOUP\u201d). De este modo, JOUP, ratifica su acuerdo con los t\u00e9rminos y condiciones expuestos a continuaci\u00f3n. Le pedimos leer cuidadosamente los siguientes T\u00e9rminos y Condiciones de Uso antes de hacer uso de las Plataformas.<\/p><p>Las Plataformas son meramente informativas y en ning\u00fan momento pueden tomarse como recomendaciones m\u00e9dicas o de profesionales de la salud, por lo que es responsabilidad del usuario el uso que le d\u00e9 a dicha informaci\u00f3n. En caso de cualquier duda le sugerimos agendar una cita con su m\u00e9dico o profesional de la salud tratante. En este sentido JOUP en ning\u00fan momento ser\u00e1 responsable de reclamos ante autoridades administrativas, ni ser\u00e1 responsable respecto de cualquier acci\u00f3n, demanda, responsabilidad, da\u00f1os, requerimientos, obligaciones, multas, resoluci\u00f3n judicial, costos y gastos de cualquier naturaleza, incluyendo sin limitaci\u00f3n, honorarios razonables de abogados y costas legales en que pudiera verse involucrado como resultado de los contenidos mostrados en sus Plataformas.<\/p><h4><u>Utilidad<\/u><\/h4><p>Mediante la utilizaci\u00f3n de las Plataformas, el usuario reconoce y acepta que JOUP no garantiza que los sitios enlazados de terceros o la informaci\u00f3n ofrecida por terceros, sean veraces o \u00fatiles para la realizaci\u00f3n de ninguna actividad en particular.<\/p><p>Mediante la utilizaci\u00f3n de las Plataformas, el usuario reconoce y acepta que JOUP queda excluida de cualquier responsabilidad por los da\u00f1os y perjuicios que pudieran haber sido causados por la veracidad de la informaci\u00f3n o calidad de servicios contenidos u ofrecidos por terceros o que se encuentren en los sitios enlazados, o los que surjan con relaci\u00f3n a las Plataformas.<\/p><h4><u>Seguridad<\/u><\/h4><p>Mediante la utilizaci\u00f3n de las Plataformas, el usuario reconoce y acepta que JOUP, no garantiza la seguridad de los sitios enlazados, y en particular, que los usuarios puedan efectivamente acceder a las distintas p\u00e1ginas web o hiperv\u00ednculos que forman los sitios enlazados, ni que a trav\u00e9s de \u00e9stos puedan transmitir, difundir, almacenar o poner a disposici\u00f3n de terceros su contenido.<\/p><p>Mediante la utilizaci\u00f3n de las Plataformas, usted reconoce y acepta que JOUP queda excluida de cualquier responsabilidad por los da\u00f1os y perjuicios de toda naturaleza que pudieran ser causados por la falta de seguridad de los sitios enlazados.<\/p><h4><u>Calidad<\/u><\/h4><p>Mediante la utilizaci\u00f3n de esta p\u00e1gina, el usuario reconoce y acepta que JOUP no controla y no garantiza la ausencia de virus en el contenido de los sitios enlazados, ni la ausencia de otros elementos que pudieran producir alteraciones en sus sistemas inform\u00e1ticos o en los documentos electr\u00f3nicos y ficheros almacenados en sus sistemas inform\u00e1ticos.<\/p><h4><u>Propiedad intelectual y Derechos de Autor<\/u><\/h4><p>Cualquier logo, nombre o signo distintivo de JOUP son marcas registradas en los Estados Unidos Mexicanos; cualquier otra marca que aparezca en este sitio ser\u00e1 considerada una marca de tercero. Copyright en las im\u00e1genes, textos, pantallas, sitios de Internet o redes sociales que aparezcan o se relacionen con este sitio, son propiedad de JOUP como se indica. La informaci\u00f3n de las Plataformas puede ser reproducida para el uso personal o educativo, siempre y cuando cada copia incluya una leyenda de Copyright, marcas registradas o derechos reservados cuando se realice la reproducci\u00f3n. Sin embargo, la informaci\u00f3n y material de las Plataformas no podr\u00e1n ser copiados, mostrados, distribuidos, impresos, dados en cualquier tipo de licencia, modificados, publicados, reproducidos, reusados, vendidos, transmitidos, usados para crear un trabajo derivado, o usados para fines p\u00fablicos o comerciales, a excepci\u00f3n de que cumpla con los T\u00e9rminos de Uso mostrados en las Plataformas y se tenga, en todo momento, el consentimiento por escrito de JOUP.<\/p><p>En este sentido, a menos que se acuerde lo contrario por escrito con JOUP, ninguna de las disposiciones de estos T\u00e9rminos le otorga al usuario el derecho a utilizar los nombres y las marcas de JOUP, sus logotipos, nombres de dominio u otras caracter\u00edsticas distintivas de marca.<\/p><p>Mediante la utilizaci\u00f3n de las Plataformas, el usuario reconoce y acepta que JOUP queda excluida de cualquier responsabilidad que pudiera ser causada por el uso no autorizado de las marcas u otros derechos de propiedad intelectual de terceros o contenidos en los sitios enlazados.<\/p><p><strong><u>Privacidad <\/u><\/strong><\/p><p>JOUP preguntar\u00e1 de manera expl\u00edcita cuando necesiten informaci\u00f3n que le identifique personalmente (\u201cDatos Personales\u201d). JOUP asegura a los usuarios que ha tomado las medidas necesarias de seguridad, y asimismo garantiza a los usuarios la confidencialidad de los Datos Personales. JOUP nunca comprometer\u00e1 su privacidad, dando as\u00ed cumplimiento a lo dispuesto por la Ley Federal de Protecci\u00f3n de Datos en Posesi\u00f3n de los Particulares. No obstante, las Plataformas podr\u00edan revelar los Datos Personales si les fuere requerido por ley. <strong><u>Para mayor detalle y para conocer los derechos con los que los usuarios cuentan, por favor lea nuestro <\/u><\/strong><strong><u>\u201c<\/u><\/strong><strong><u>Aviso de Privacidad\u201d<\/u><\/strong><strong>.<\/strong><\/p><p><strong><u>Cookies y Plugins<\/u><\/strong><\/p><p>JOUP les informar\u00e1 a los usuarios de las Plataformas cuando ocurra el uso de <em>cookies<\/em> (enti\u00e9ndase por <em>cookies<\/em> un\u00a0paquete de datos que un navegador\u00a0web\u00a0almacena de forma autom\u00e1tica\u00a0en el\u00a0ordenador de un usuario cuando \u00e9ste visita una p\u00e1gina\u00a0web. Las <em>cookies<\/em> permiten reconocer el dispositivo del usuario y recordar sus preferencias a trav\u00e9s de su historial de visitas a la p\u00e1gina web) mediante un \u201cbanner\u201d que aparecer\u00e1 en la parte inferior del sitio web. Se entender\u00e1 que al seguir usando el sitio de JOUP, usted autoriza a JOUP a usar tales <em>cookies<\/em>. Sin embargo, usted podr\u00e1 modificar la configuraci\u00f3n de las <em>cookies<\/em> en cualquier momento.<\/p><p>Los usuarios pueden aceptar o rechazar el uso de las <em>cookies<\/em> en el sitio de JOUP, sin embargo, en caso de que los usuarios rechacen el uso de las <em>cookies<\/em> no podr\u00e1n beneficiarse de todas las funcionalidades y beneficios de la p\u00e1gina web JOUP que las <em>cookies<\/em> permiten.<\/p><p>El usuario podr\u00e1 rechazar el uso de <em>cookies<\/em> seleccionando la configuraci\u00f3n apropiada desde su navegador. Sin embargo, en tal caso, no podr\u00e1 aprovechar todas las funciones del sitio web. Para que la cancelaci\u00f3n tenga efecto permanente, su navegador debe aceptar <em>cookies<\/em>.<\/p><p>De igual manera, las Plataformas podr\u00e1n utilizar plugins. Aceptar tales plugins permitir\u00e1 al usuario usar el bot\u00f3n correspondiente para acceder a los distintos servicios que ofrecen las Plataformas de JOUP, publicadas en distintas redes sociales.<\/p><p>Si el usuario ha iniciado sesi\u00f3n en cualquier red social de JOUP, la red social podr\u00e1 asignar directamente la visita de nuestro sitio web a su perfil de las redes sociales. Si usted interact\u00faa con los plugins, por ejemplo, pulsando el bot\u00f3n \u201cme gusta\u201d o haciendo un comentario, esta informaci\u00f3n tambi\u00e9n se transmitir\u00e1 directamente a un servidor de las redes sociales y se almacenar\u00e1 en los servidores de dichas redes. La informaci\u00f3n tambi\u00e9n se publicar\u00e1 en su perfil de las redes y se mostrar\u00e1 a sus amigos de dicha red social.<\/p><p>Si no desea que una red social asigne los datos recogidos a trav\u00e9s de nuestra p\u00e1gina web directamente en su perfil de dicha red social, deber\u00e1 cerrar su sesi\u00f3n en tal red social antes de visitar nuestro sitio web JOUP. Tambi\u00e9n puede bloquear que determinada red social cargue plugins usando complementos para su navegador.\u00a0<\/p><p><strong><u>Menores de edad<\/u><\/strong><\/p><p>Las Plataformas de JOUP no est\u00e1n dise\u00f1adas y\/o dirigidas a menores de edad, por lo que si usted es menor de edad le sugerimos no proporcionar informaci\u00f3n personal en estas Plataformas u otros sitios web y redes sociales sin el consentimiento de los padres o tutores.<\/p><p><strong><u>Servicios brindados <\/u><\/strong><\/p><p>La informaci\u00f3n y servicios que Las Plataformas de JOUP ofrecen, est\u00e1n dise\u00f1ados para uso personal y no comercial, en caso de que el usuario incumpla con lo anterior, JOUP podr\u00e1 ejercer cualquier acci\u00f3n que por ley le corresponda.<\/p><p><u>El usuario acepta no realizar ninguna de las siguientes acciones sin el permiso previo de JOUP: (i) <\/u>acceder al contenido de las Plataformas bajo cualquier proceso manual o autom\u00e1tico y descompilarlo para un fin que no sea el uso personal; (ii) infringir las restricciones de cualquier encabezado de exclusi\u00f3n en las Plataformas, o desviar otras medidas empleadas por JOUP para evitar o limitar el acceso a las Plataformas; o (iii) usar cualquier dispositivo, software o rutina que interfiera o intente interferir en el funcionamiento normal de las Plataformas.<\/p><p>Tampoco podr\u00e1 el usuario reproducir, duplicar, copiar, vender, comerciar, revender o explotar nada que integre el contenido de las Plataformas (tales como videos, im\u00e1genes, dibujos o textos).<\/p><p><strong><u>Condiciones de venta<\/u><\/strong><\/p><p>El usuario podr\u00e1 efectuar un pedido como usuario registrado o como invitado. Ser\u00e1 necesario una direcci\u00f3n de correo electr\u00f3nico para efectuar un pedido y es posible que el usuario tenga que configurar su navegador para que acepte cookies y ventanas emergentes para poder utilizar todas las funciones del sitio, entre las que se incluyen a\u00f1adir productos a su cesta de compra y enviar el pedido.<\/p><ol><li style=\"list-style-type: none;\"><ol><li style=\"list-style-type: none;\"><ol><li><u> <\/u>Los productos ofrecidos en el sitio constituyen una oferta para venta. Todos los precios se indican en importes en pesos mexicanos (mxn) e incluyen el impuesto sobre el valor agregado. Los pedidos y entregas ser\u00e1n posibles \u00fanicamente en la Ciudad de M\u00e9xico. Cuando un producto sea enviado, le mandaremos un correo electr\u00f3nico al usuario a modo de acuse de recibo del pedido.<\/li><li>El cumplimiento de todos los pedidos del sitio estar\u00e1 sujeto a disponibilidad. Nos reservamos expresamente el derecho a no aceptar su pedido por cualquier motivo. Tambi\u00e9n nos reservamos el derecho a cancelar un pedido mediante notificaci\u00f3n escrita (v\u00eda correo electr\u00f3nico), sin ser responsables del pago de da\u00f1os o perjuicios distintos al reembolso del importe recibido en relaci\u00f3n con el pedido cancelado. Se podr\u00e1 cancelar un pedido en los siguientes casos:<\/li><li>Si el producto no se encuentra disponible<\/li><li>Si sus datos de facturaci\u00f3n no son correctos o no pueden verificarse<\/li><li>Si nuestros sistemas de seguridad se\u00f1alan su pedido como pedido no habitual o pedido susceptible de construir fraude.<\/li><li>Si no podemos realizar la entrega en la direcci\u00f3n que indica<\/li><li>Debido a circunstancias o casos que quedan fuera de nuestro alcance o control<\/li><li><u>Pago<\/u>. Podr\u00e1 pagar los productos en l\u00ednea por medio de PayPal.<\/li><li><u>Cambios y cancelaciones<\/u>. El usuario podr\u00e1 devolver la mercanc\u00eda en un plazo m\u00e1ximo a 14 d\u00edas a partir de la entrega del producto en su domicilio. Para iniciar un proceso de devoluci\u00f3n le pedimos nos contacte al correo <a href=\"mailto:dudas@joup.mx\" target=\"_blank\" rel=\"noopener\">dudas@joup.mx<\/a> y le haremos saber paso a paso el proceso de la devoluci\u00f3n de su producto.<\/li><\/ol><\/li><\/ol><\/li><\/ol><p>Siempre y cuando la mercanc\u00eda se encuentre en \u00f3ptimas condiciones y no se encuentre maltratada, el usuario tendr\u00e1 la opci\u00f3n de reemplazar la mercanc\u00eda por otra que ofrezca el Sitio, o de solicitar la devoluci\u00f3n del pago en la misma forma en la que fue realizado.<\/p><p>En caso de que la mercanc\u00eda adquirida por el usuario llegue da\u00f1ada al momento de la entrega, \u00e9ste podr\u00e1 solicitar el reembolso en efectivo por el pago del producto, lo anterior atendiendo a que el usuario cuenta con un plazo m\u00e1ximo de 5 d\u00edas para solicitarlo.<\/p><p><strong><u>Utilizaci\u00f3n de los servicios y de los contenidos de las Plataformas. <\/u><\/strong><\/p><p>El usuario reconoce y acepta voluntariamente que el uso de los servicios y de los contenidos que se ofrecen en las Plataformas de JOUP tiene lugar, en todo caso, bajo su \u00fanica y exclusiva responsabilidad. El usuario de las Plataformas expresamente libera a JOUP, sus directivos, empleados y personal vinculado, de cualquier responsabilidad. As\u00ed mismo, acepta y entiende que JOUP, no otorga garant\u00eda alguna, de ning\u00fan tipo, expl\u00edcita o impl\u00edcita.<\/p><p><strong><u>Denegaci\u00f3n del acceso al portal y\/o a los servicios<\/u><\/strong><\/p><p>JOUP se reserva el derecho a denegar o retirar el acceso a las Plataformas y\/o a los servicios, en cualquier momento y sin necesidad de previo aviso a aquellos usuarios que incumplan estas condiciones generales o las condiciones particulares que resulten de aplicaci\u00f3n.<\/p><p>De igual manera, JOUP se reserva el derecho a suspender los servicios que ofrece en sus Plataformas a su entera discreci\u00f3n, tratando de reanudar dichos servicios a la brevedad. En caso de que JOUP desee suspender definitivamente los servicios que ofrece en sus Plataformas, notificara a los usuarios de tal suspensi\u00f3n al menos con 15 (quince) d\u00edas de anticipaci\u00f3n.<\/p><h4><u>Ley aplicable y jurisdicci\u00f3n<\/u><\/h4><p>El usuario al hacer uso de las Plataformas JOUP acepta de manera expresa, someterse en caso de cualquier controversia, a la jurisdicci\u00f3n de los tribunales de la Ciudad de M\u00e9xico, Estados Unidos Mexicanos, as\u00ed como las leyes aplicables para el caso concreto vigentes en dicho lugar, renunciando expresamente a cualquier otra jurisdicci\u00f3n que por motivo de su nacionalidad o domicilio pudiera corresponder.<\/p><p><strong><em>\u00daltima actualizaci\u00f3n de los T\u00e9rminos de Uso noviembre de 2020<\/em><\/strong><\/p><\/div>\n\t\t\t\t<\/div>\n\t\t\t\t<\/div>\n\t\t\t\t\t\t<\/div>\n\t\t\t\t\t<\/div>\n\t\t<\/div>\n\t\t\t\t\t\t\t\t<\/div>\n\t\t\t\t\t<\/div>\n\t\t<\/section>\n\t\t\t\t\t\t<\/div>\n\t\t\t\t\t\t<\/div>\n\t\t\t\t\t<\/div>\n\t\t","protected":false},"excerpt":{"rendered":"<p>T\u00e9rminos y Condiciones de Uso Los presentes T\u00e9rminos regulan el acceso y el uso de los sitios web www.joup.mx\u00a0 y www.joup.org \u00a0as\u00ed como las redes sociales bajo el nombre de JouP, (en adelante las \u201cPlataformas\u201d), los cuales son propiedad de JOUP, A.C., con domicilio en la Ciudad de M\u00e9xico (en adelante \u201cJOUP\u201d). De este modo, &hellip; <\/p>\n<p class=\"link-more\"><a href=\"https:\/\/joup.mx\/?page_id=386\" class=\"more-link\">Continuar leyendo<span class=\"screen-reader-text\"> &#8220;T\u00e9rminos y Condiciones de Uso&#8221;<\/span><\/a><\/p>\n","protected":false},"author":2,"featured_media":0,"parent":0,"menu_order":0,"comment_status":"closed","ping_status":"closed","template":"elementor_header_footer","meta":[],"_links":{"self":[{"href":"https:\/\/joup.mx\/index.php?rest_route=\/wp\/v2\/pages\/386"}],"collection":[{"href":"https:\/\/joup.mx\/index.php?rest_route=\/wp\/v2\/pages"}],"about":[{"href":"https:\/\/joup.mx\/index.php?rest_route=\/wp\/v2\/types\/page"}],"author":[{"embeddable":true,"href":"https:\/\/joup.mx\/index.php?rest_route=\/wp\/v2\/users\/2"}],"replies":[{"embeddable":true,"href":"https:\/\/joup.mx\/index.php?rest_route=%2Fwp%2Fv2%2Fcomments&post=386"}],"version-history":[{"count":9,"href":"https:\/\/joup.mx\/index.php?rest_route=\/wp\/v2\/pages\/386\/revisions"}],"predecessor-version":[{"id":801,"href":"https:\/\/joup.mx\/index.php?rest_route=\/wp\/v2\/pages\/386\/revisions\/801"}],"wp:attachment":[{"href":"https:\/\/joup.mx\/index.php?rest_route=%2Fwp%2Fv2%2Fmedia&parent=386"}],"curies":[{"name":"wp","href":"https:\/\/api.w.org\/{rel}","templated":true}]}}