{"id":1528,"date":"2021-08-24T08:58:45","date_gmt":"2021-08-24T13:58:45","guid":{"rendered":"https:\/\/joup.mx\/?post_type=product&#038;p=1528"},"modified":"2021-12-21T18:14:39","modified_gmt":"2021-12-22T00:14:39","slug":"taller-enfermedad-los-mas-chicos-tambien-se-dan-cuenta","status":"publish","type":"product","link":"https:\/\/joup.mx\/?product=taller-enfermedad-los-mas-chicos-tambien-se-dan-cuenta","title":{"rendered":"Taller Enfermedad: Los m\u00e1s chicos tambi\u00e9n se dan cuenta."},"content":{"rendered":"<p>Para adultos que viven con ni\u00f1os o adolescentes<\/p>\n<p>y quieren abordar con ellos la enfermedad.<\/p>\n<p>Martes 31 de Agosto de 7:30 a 9:00 pm.<\/p>\n<p>&nbsp;<\/p>\n","protected":false},"excerpt":{"rendered":"<p>Para adultos que viven con ni\u00f1os o adolescentes y quieren abordar con ellos la enfermedad. Martes 31 de Agosto de 7:30 a 9:00 pm. &nbsp;<\/p>\n","protected":false},"featured_media":1530,"comment_status":"open","ping_status":"closed","template":"","meta":[],"_links":{"self":[{"href":"https:\/\/joup.mx\/index.php?rest_route=\/wp\/v2\/product\/1528"}],"collection":[{"href":"https:\/\/joup.mx\/index.php?rest_route=\/wp\/v2\/product"}],"about":[{"href":"https:\/\/joup.mx\/index.php?rest_route=\/wp\/v2\/types\/product"}],"replies":[{"embeddable":true,"href":"https:\/\/joup.mx\/index.php?rest_route=%2Fwp%2Fv2%2Fcomments&post=1528"}],"wp:featuredmedia":[{"embeddable":true,"href":"https:\/\/joup.mx\/index.php?rest_route=\/wp\/v2\/media\/1530"}],"wp:attachment":[{"href":"https:\/\/joup.mx\/index.php?rest_route=%2Fwp%2Fv2%2Fmedia&parent=1528"}],"curies":[{"name":"wp","href":"https:\/\/api.w.org\/{rel}","templated":true}]}}