{"id":1719,"date":"2022-02-15T19:03:16","date_gmt":"2022-02-16T01:03:16","guid":{"rendered":"https:\/\/joup.mx\/?post_type=product&#038;p=1719"},"modified":"2022-02-15T19:03:16","modified_gmt":"2022-02-16T01:03:16","slug":"como-acompanar-en-un-proceso-oncologico","status":"publish","type":"product","link":"https:\/\/joup.mx\/?product=como-acompanar-en-un-proceso-oncologico","title":{"rendered":"\u00bfC\u00f3mo acompa\u00f1ar en un proceso oncol\u00f3gico?"},"content":{"rendered":"<p>\u00bfTe ha pasado que, por miedo a no encontrar<\/p>\n<p>las palabras correctas, decides alejarte?<\/p>\n<p>16 y 23 de Febrero del 2022 a la 1:00 PM<\/p>\n","protected":false},"excerpt":{"rendered":"<p>\u00bfTe ha pasado que, por miedo a no encontrar las palabras correctas, decides alejarte? 16 y 23 de Febrero del 2022 a la 1:00 PM<\/p>\n","protected":false},"featured_media":1720,"comment_status":"open","ping_status":"closed","template":"","meta":[],"_links":{"self":[{"href":"https:\/\/joup.mx\/index.php?rest_route=\/wp\/v2\/product\/1719"}],"collection":[{"href":"https:\/\/joup.mx\/index.php?rest_route=\/wp\/v2\/product"}],"about":[{"href":"https:\/\/joup.mx\/index.php?rest_route=\/wp\/v2\/types\/product"}],"replies":[{"embeddable":true,"href":"https:\/\/joup.mx\/index.php?rest_route=%2Fwp%2Fv2%2Fcomments&post=1719"}],"wp:featuredmedia":[{"embeddable":true,"href":"https:\/\/joup.mx\/index.php?rest_route=\/wp\/v2\/media\/1720"}],"wp:attachment":[{"href":"https:\/\/joup.mx\/index.php?rest_route=%2Fwp%2Fv2%2Fmedia&parent=1719"}],"curies":[{"name":"wp","href":"https:\/\/api.w.org\/{rel}","templated":true}]}}