{"id":981,"date":"2021-01-21T21:36:31","date_gmt":"2021-01-21T21:36:31","guid":{"rendered":"https:\/\/joup.mx\/?post_type=product&#038;p=981"},"modified":"2021-04-30T17:37:02","modified_gmt":"2021-04-30T17:37:02","slug":"libreta-joup","status":"publish","type":"product","link":"https:\/\/joup.mx\/?product=libreta-joup","title":{"rendered":"Libreta JouP"},"content":{"rendered":"<p>Esta libreta es para que conectes con qui\u00e9n m\u00e1s importa: contigo mismo. Escribe tus sue\u00f1os, miedos, agradecimientos, anhelos, experiencias y metas.<\/p>\n","protected":false},"excerpt":{"rendered":"<p>Esta libreta es para que conectes con qui\u00e9n m\u00e1s importa: contigo mismo. Escribe tus sue\u00f1os, miedos, agradecimientos, anhelos, experiencias y metas.<\/p>\n","protected":false},"featured_media":982,"comment_status":"open","ping_status":"closed","template":"","meta":[],"_links":{"self":[{"href":"https:\/\/joup.mx\/index.php?rest_route=\/wp\/v2\/product\/981"}],"collection":[{"href":"https:\/\/joup.mx\/index.php?rest_route=\/wp\/v2\/product"}],"about":[{"href":"https:\/\/joup.mx\/index.php?rest_route=\/wp\/v2\/types\/product"}],"replies":[{"embeddable":true,"href":"https:\/\/joup.mx\/index.php?rest_route=%2Fwp%2Fv2%2Fcomments&post=981"}],"wp:featuredmedia":[{"embeddable":true,"href":"https:\/\/joup.mx\/index.php?rest_route=\/wp\/v2\/media\/982"}],"wp:attachment":[{"href":"https:\/\/joup.mx\/index.php?rest_route=%2Fwp%2Fv2%2Fmedia&parent=981"}],"curies":[{"name":"wp","href":"https:\/\/api.w.org\/{rel}","templated":true}]}}